{"id":12207,"date":"2025-08-29T09:29:24","date_gmt":"2025-08-29T09:29:24","guid":{"rendered":"https:\/\/thesweetseria.com\/?post_type=product&#038;p=12207"},"modified":"2025-12-18T12:16:52","modified_gmt":"2025-12-18T12:16:52","slug":"maze-popcorn-cinema-butter-240g","status":"publish","type":"product","link":"https:\/\/thesweetseria.com\/es\/producto\/maze-popcorn-cinema-butter-240g\/","title":{"rendered":"MAZE POPCORN CINEMA BUTTER 240g"},"content":{"rendered":"","protected":false},"excerpt":{"rendered":"<p>MAZE Popcorn Cinema Butter es el aperitivo perfecto para las noches de cine, donde el cl\u00e1sico sabor a palomitas con mantequilla hace que cada momento sea a\u00fan mejor. Las palomitas esponjosas tienen un ligero sabor a mantequilla con un acabado cremoso y sabroso que recuerda al aperitivo favorito del cine. F\u00e1ciles de compartir e ideales para disfrutar en compa\u00f1\u00eda.<\/p>","protected":false},"featured_media":12226,"comment_status":"open","ping_status":"closed","template":"","meta":{"nf_dc_page":"","inline_featured_image":false},"product_cat":[107],"product_tag":[],"class_list":{"0":"post-12207","1":"product","2":"type-product","3":"status-publish","4":"has-post-thumbnail","6":"product_cat-salty-snacks","8":"first","9":"instock","10":"taxable","11":"shipping-taxable","12":"purchasable","13":"product-type-simple"},"_links":{"self":[{"href":"https:\/\/thesweetseria.com\/es\/wp-json\/wp\/v2\/product\/12207","targetHints":{"allow":["GET"]}}],"collection":[{"href":"https:\/\/thesweetseria.com\/es\/wp-json\/wp\/v2\/product"}],"about":[{"href":"https:\/\/thesweetseria.com\/es\/wp-json\/wp\/v2\/types\/product"}],"replies":[{"embeddable":true,"href":"https:\/\/thesweetseria.com\/es\/wp-json\/wp\/v2\/comments?post=12207"}],"wp:featuredmedia":[{"embeddable":true,"href":"https:\/\/thesweetseria.com\/es\/wp-json\/wp\/v2\/media\/12226"}],"wp:attachment":[{"href":"https:\/\/thesweetseria.com\/es\/wp-json\/wp\/v2\/media?parent=12207"}],"wp:term":[{"taxonomy":"product_cat","embeddable":true,"href":"https:\/\/thesweetseria.com\/es\/wp-json\/wp\/v2\/product_cat?post=12207"},{"taxonomy":"product_tag","embeddable":true,"href":"https:\/\/thesweetseria.com\/es\/wp-json\/wp\/v2\/product_tag?post=12207"}],"curies":[{"name":"wp","href":"https:\/\/api.w.org\/{rel}","templated":true}]}}