{"id":12199,"date":"2025-08-29T09:24:53","date_gmt":"2025-08-29T09:24:53","guid":{"rendered":"https:\/\/thesweetseria.com\/?post_type=product&#038;p=12199"},"modified":"2026-01-15T11:52:50","modified_gmt":"2026-01-15T11:52:50","slug":"japanese-crunchy-cheetos-cheese-70g","status":"publish","type":"product","link":"https:\/\/thesweetseria.com\/es\/producto\/japanese-crunchy-cheetos-cheese-70g\/","title":{"rendered":"Japanese Crunchy Cheetos Cheese 70g"},"content":{"rendered":"","protected":false},"excerpt":{"rendered":"<p>Cheetos Japan Crunchy Cheese ofrece el emblem\u00e1tico e irresistible sabor a queso con un toque crujiente adicional, adaptado espec\u00edficamente al paladar japon\u00e9s. Esta versi\u00f3n tiene una textura m\u00e1s ligera y aireada en comparaci\u00f3n con los Cheetos tradicionales, lo que proporciona un crujido satisfactorio en cada bocado.<\/p>","protected":false},"featured_media":12200,"comment_status":"open","ping_status":"closed","template":"","meta":{"nf_dc_page":"","inline_featured_image":false},"product_cat":[107],"product_tag":[],"class_list":{"0":"post-12199","1":"product","2":"type-product","3":"status-publish","4":"has-post-thumbnail","6":"product_cat-salty-snacks","8":"first","9":"outofstock","10":"taxable","11":"shipping-taxable","12":"purchasable","13":"product-type-simple"},"_links":{"self":[{"href":"https:\/\/thesweetseria.com\/es\/wp-json\/wp\/v2\/product\/12199","targetHints":{"allow":["GET"]}}],"collection":[{"href":"https:\/\/thesweetseria.com\/es\/wp-json\/wp\/v2\/product"}],"about":[{"href":"https:\/\/thesweetseria.com\/es\/wp-json\/wp\/v2\/types\/product"}],"replies":[{"embeddable":true,"href":"https:\/\/thesweetseria.com\/es\/wp-json\/wp\/v2\/comments?post=12199"}],"wp:featuredmedia":[{"embeddable":true,"href":"https:\/\/thesweetseria.com\/es\/wp-json\/wp\/v2\/media\/12200"}],"wp:attachment":[{"href":"https:\/\/thesweetseria.com\/es\/wp-json\/wp\/v2\/media?parent=12199"}],"wp:term":[{"taxonomy":"product_cat","embeddable":true,"href":"https:\/\/thesweetseria.com\/es\/wp-json\/wp\/v2\/product_cat?post=12199"},{"taxonomy":"product_tag","embeddable":true,"href":"https:\/\/thesweetseria.com\/es\/wp-json\/wp\/v2\/product_tag?post=12199"}],"curies":[{"name":"wp","href":"https:\/\/api.w.org\/{rel}","templated":true}]}}