{"id":12193,"date":"2025-08-29T09:21:10","date_gmt":"2025-08-29T09:21:10","guid":{"rendered":"https:\/\/thesweetseria.com\/?post_type=product&#038;p=12193"},"modified":"2026-03-17T12:52:41","modified_gmt":"2026-03-17T12:52:41","slug":"crunch-punch-lemon-lime-starballs-100-gr","status":"publish","type":"product","link":"https:\/\/thesweetseria.com\/es\/producto\/crunch-punch-lemon-lime-starballs-100-gr\/","title":{"rendered":"CRUNCH PUNCH LEMON LIME STARBALLS 100 GR"},"content":{"rendered":"","protected":false},"excerpt":{"rendered":"<p>Esta edici\u00f3n limitada aporta un toque refrescante que despertar\u00e1 tus papilas gustativas. Fiel al nombre Crunch Punch, esta edici\u00f3n limitada ofrece un crujido vibrante con un toque c\u00edtrico estimulante. Esta edici\u00f3n limitada rebosa de vivos colores procedentes de la naturaleza, lo que le confiere un aspecto refrescante tan atractivo como sabroso. Perfecto para relajarse, compartir o evadirse r\u00e1pidamente: un sabor que aporta un toque de escapada tropical con cada bocado.<\/p>","protected":false},"featured_media":12232,"comment_status":"open","ping_status":"closed","template":"","meta":{"nf_dc_page":"","inline_featured_image":false},"product_cat":[108],"product_tag":[],"class_list":{"0":"post-12193","1":"product","2":"type-product","3":"status-publish","4":"has-post-thumbnail","6":"product_cat-candies","8":"first","9":"instock","10":"taxable","11":"shipping-taxable","12":"purchasable","13":"product-type-simple"},"_links":{"self":[{"href":"https:\/\/thesweetseria.com\/es\/wp-json\/wp\/v2\/product\/12193","targetHints":{"allow":["GET"]}}],"collection":[{"href":"https:\/\/thesweetseria.com\/es\/wp-json\/wp\/v2\/product"}],"about":[{"href":"https:\/\/thesweetseria.com\/es\/wp-json\/wp\/v2\/types\/product"}],"replies":[{"embeddable":true,"href":"https:\/\/thesweetseria.com\/es\/wp-json\/wp\/v2\/comments?post=12193"}],"wp:featuredmedia":[{"embeddable":true,"href":"https:\/\/thesweetseria.com\/es\/wp-json\/wp\/v2\/media\/12232"}],"wp:attachment":[{"href":"https:\/\/thesweetseria.com\/es\/wp-json\/wp\/v2\/media?parent=12193"}],"wp:term":[{"taxonomy":"product_cat","embeddable":true,"href":"https:\/\/thesweetseria.com\/es\/wp-json\/wp\/v2\/product_cat?post=12193"},{"taxonomy":"product_tag","embeddable":true,"href":"https:\/\/thesweetseria.com\/es\/wp-json\/wp\/v2\/product_tag?post=12193"}],"curies":[{"name":"wp","href":"https:\/\/api.w.org\/{rel}","templated":true}]}}