{"id":12186,"date":"2025-08-26T12:30:51","date_gmt":"2025-08-26T12:30:51","guid":{"rendered":"https:\/\/thesweetseria.com\/?post_type=product&#038;p=12186"},"modified":"2026-02-27T18:38:01","modified_gmt":"2026-02-27T18:38:01","slug":"nesquik-strawberry-powdered-milk-350g-bag","status":"publish","type":"product","link":"https:\/\/thesweetseria.com\/es\/producto\/nesquik-strawberry-powdered-milk-350g-bag\/","title":{"rendered":"Nesquik Strawberry Powdered Milk 350g Bag"},"content":{"rendered":"","protected":false},"excerpt":{"rendered":"<p>Esta leche en polvo con sabor a fresa convierte la leche normal en una bebida cremosa y refrescante, perfecta tanto para ni\u00f1os como para adultos. Ya sea como tentempi\u00e9, para desayunar o para terminar el d\u00eda, con Nestl\u00e9 Milk Mix Strawberry siempre disfrutar\u00e1s de un delicioso capricho.<\/p>","protected":false},"featured_media":12190,"comment_status":"open","ping_status":"closed","template":"","meta":{"nf_dc_page":"","inline_featured_image":false},"product_cat":[111,90],"product_tag":[],"class_list":{"0":"post-12186","1":"product","2":"type-product","3":"status-publish","4":"has-post-thumbnail","6":"product_cat-cereal","7":"product_cat-drinks","9":"first","10":"instock","11":"taxable","12":"shipping-taxable","13":"purchasable","14":"product-type-simple"},"_links":{"self":[{"href":"https:\/\/thesweetseria.com\/es\/wp-json\/wp\/v2\/product\/12186","targetHints":{"allow":["GET"]}}],"collection":[{"href":"https:\/\/thesweetseria.com\/es\/wp-json\/wp\/v2\/product"}],"about":[{"href":"https:\/\/thesweetseria.com\/es\/wp-json\/wp\/v2\/types\/product"}],"replies":[{"embeddable":true,"href":"https:\/\/thesweetseria.com\/es\/wp-json\/wp\/v2\/comments?post=12186"}],"wp:featuredmedia":[{"embeddable":true,"href":"https:\/\/thesweetseria.com\/es\/wp-json\/wp\/v2\/media\/12190"}],"wp:attachment":[{"href":"https:\/\/thesweetseria.com\/es\/wp-json\/wp\/v2\/media?parent=12186"}],"wp:term":[{"taxonomy":"product_cat","embeddable":true,"href":"https:\/\/thesweetseria.com\/es\/wp-json\/wp\/v2\/product_cat?post=12186"},{"taxonomy":"product_tag","embeddable":true,"href":"https:\/\/thesweetseria.com\/es\/wp-json\/wp\/v2\/product_tag?post=12186"}],"curies":[{"name":"wp","href":"https:\/\/api.w.org\/{rel}","templated":true}]}}