{"id":12155,"date":"2025-08-17T16:44:10","date_gmt":"2025-08-17T16:44:10","guid":{"rendered":"https:\/\/thesweetseria.com\/?post_type=product&#038;p=12155"},"modified":"2026-03-20T12:11:00","modified_gmt":"2026-03-20T12:11:00","slug":"amos-4d-kirby-gummies-60g","status":"publish","type":"product","link":"https:\/\/thesweetseria.com\/es\/producto\/amos-4d-kirby-gummies-60g\/","title":{"rendered":"Amos 4D Kirby Gummies 60g"},"content":{"rendered":"","protected":false},"excerpt":{"rendered":"<p>Disfruta de la dulzura celestial de nuestras gominolas con forma de estrella Kirby. Elaboradas con el delicado sabor del melocot\u00f3n blanco, estas delicias no solo deleitan el paladar, sino que tambi\u00e9n tienen la encantadora forma del ic\u00f3nico Kirby.<\/p>","protected":false},"featured_media":12241,"comment_status":"open","ping_status":"closed","template":"","meta":{"nf_dc_page":"","inline_featured_image":false},"product_cat":[108],"product_tag":[],"class_list":{"0":"post-12155","1":"product","2":"type-product","3":"status-publish","4":"has-post-thumbnail","6":"product_cat-candies","8":"first","9":"instock","10":"taxable","11":"shipping-taxable","12":"purchasable","13":"product-type-simple"},"_links":{"self":[{"href":"https:\/\/thesweetseria.com\/es\/wp-json\/wp\/v2\/product\/12155","targetHints":{"allow":["GET"]}}],"collection":[{"href":"https:\/\/thesweetseria.com\/es\/wp-json\/wp\/v2\/product"}],"about":[{"href":"https:\/\/thesweetseria.com\/es\/wp-json\/wp\/v2\/types\/product"}],"replies":[{"embeddable":true,"href":"https:\/\/thesweetseria.com\/es\/wp-json\/wp\/v2\/comments?post=12155"}],"wp:featuredmedia":[{"embeddable":true,"href":"https:\/\/thesweetseria.com\/es\/wp-json\/wp\/v2\/media\/12241"}],"wp:attachment":[{"href":"https:\/\/thesweetseria.com\/es\/wp-json\/wp\/v2\/media?parent=12155"}],"wp:term":[{"taxonomy":"product_cat","embeddable":true,"href":"https:\/\/thesweetseria.com\/es\/wp-json\/wp\/v2\/product_cat?post=12155"},{"taxonomy":"product_tag","embeddable":true,"href":"https:\/\/thesweetseria.com\/es\/wp-json\/wp\/v2\/product_tag?post=12155"}],"curies":[{"name":"wp","href":"https:\/\/api.w.org\/{rel}","templated":true}]}}