{"id":12150,"date":"2025-08-17T16:33:19","date_gmt":"2025-08-17T16:33:19","guid":{"rendered":"https:\/\/thesweetseria.com\/?post_type=product&#038;p=12150"},"modified":"2025-11-18T16:53:30","modified_gmt":"2025-11-18T16:53:30","slug":"amos-4d-cinnamoroll-gummies-60g","status":"publish","type":"product","link":"https:\/\/thesweetseria.com\/es\/producto\/amos-4d-cinnamoroll-gummies-60g\/","title":{"rendered":"Amos 4D Cinnamoroll Gummies 60g"},"content":{"rendered":"","protected":false},"excerpt":{"rendered":"<p>Sum\u00e9rgete en la deliciosa mezcla de yogur cremoso y refrescantes sabores de soda con las gominolas AMOS Cinnamoroll Yogurt Soda Flavor 4D. Cada pieza tiene la forma del adorable Cinnamoroll, con un dise\u00f1o 3D \u00fanico y un sabor delicioso, creando una divertida experiencia 4D. Estas gominolas est\u00e1n endulzadas con maltitol en lugar de az\u00facar de ca\u00f1a, lo que las convierte en un capricho sin az\u00facar y sin remordimientos. Perfectas para aquellos que aman la combinaci\u00f3n de sabores cremosos y burbujeantes en una forma divertida.<\/p>","protected":false},"featured_media":12243,"comment_status":"open","ping_status":"closed","template":"","meta":{"nf_dc_page":"","inline_featured_image":false},"product_cat":[108],"product_tag":[],"class_list":{"0":"post-12150","1":"product","2":"type-product","3":"status-publish","4":"has-post-thumbnail","6":"product_cat-candies","8":"first","9":"instock","10":"taxable","11":"shipping-taxable","12":"purchasable","13":"product-type-simple"},"_links":{"self":[{"href":"https:\/\/thesweetseria.com\/es\/wp-json\/wp\/v2\/product\/12150","targetHints":{"allow":["GET"]}}],"collection":[{"href":"https:\/\/thesweetseria.com\/es\/wp-json\/wp\/v2\/product"}],"about":[{"href":"https:\/\/thesweetseria.com\/es\/wp-json\/wp\/v2\/types\/product"}],"replies":[{"embeddable":true,"href":"https:\/\/thesweetseria.com\/es\/wp-json\/wp\/v2\/comments?post=12150"}],"wp:featuredmedia":[{"embeddable":true,"href":"https:\/\/thesweetseria.com\/es\/wp-json\/wp\/v2\/media\/12243"}],"wp:attachment":[{"href":"https:\/\/thesweetseria.com\/es\/wp-json\/wp\/v2\/media?parent=12150"}],"wp:term":[{"taxonomy":"product_cat","embeddable":true,"href":"https:\/\/thesweetseria.com\/es\/wp-json\/wp\/v2\/product_cat?post=12150"},{"taxonomy":"product_tag","embeddable":true,"href":"https:\/\/thesweetseria.com\/es\/wp-json\/wp\/v2\/product_tag?post=12150"}],"curies":[{"name":"wp","href":"https:\/\/api.w.org\/{rel}","templated":true}]}}