{"id":12120,"date":"2025-06-20T17:13:15","date_gmt":"2025-06-20T17:13:15","guid":{"rendered":"https:\/\/thesweetseria.com\/?post_type=product&#038;p=12120"},"modified":"2026-04-09T16:13:19","modified_gmt":"2026-04-09T16:13:19","slug":"china-skittles-lollipops-fruity-54g","status":"publish","type":"product","link":"https:\/\/thesweetseria.com\/es\/producto\/china-skittles-lollipops-fruity-54g\/","title":{"rendered":"China Skittles Lollipops Fruity 54g"},"content":{"rendered":"","protected":false},"excerpt":{"rendered":"<p>Sum\u00e9rgete en el vibrante mundo de Skittles con sus piruletas con sabor a fruta especialmente elaboradas. Estas piruletas 3D presentan un asombroso dise\u00f1o degradado transparente en un palo de papel seguro. Cada piruleta viene envuelta individualmente para mantenerla fresca. Disfruta de una explosi\u00f3n de sabores con Mel\u00f3n Mielado, Pi\u00f1a Salada y Mango Maracuy\u00e1. El pack incluye cinco piruletas de sabores \u00fanicos, cada una en su propio envoltorio.<\/p>","protected":false},"featured_media":12121,"comment_status":"open","ping_status":"closed","template":"","meta":{"nf_dc_page":"","inline_featured_image":false},"product_cat":[108],"product_tag":[],"class_list":{"0":"post-12120","1":"product","2":"type-product","3":"status-publish","4":"has-post-thumbnail","6":"product_cat-candies","8":"first","9":"outofstock","10":"taxable","11":"shipping-taxable","12":"purchasable","13":"product-type-simple"},"_links":{"self":[{"href":"https:\/\/thesweetseria.com\/es\/wp-json\/wp\/v2\/product\/12120","targetHints":{"allow":["GET"]}}],"collection":[{"href":"https:\/\/thesweetseria.com\/es\/wp-json\/wp\/v2\/product"}],"about":[{"href":"https:\/\/thesweetseria.com\/es\/wp-json\/wp\/v2\/types\/product"}],"replies":[{"embeddable":true,"href":"https:\/\/thesweetseria.com\/es\/wp-json\/wp\/v2\/comments?post=12120"}],"wp:featuredmedia":[{"embeddable":true,"href":"https:\/\/thesweetseria.com\/es\/wp-json\/wp\/v2\/media\/12121"}],"wp:attachment":[{"href":"https:\/\/thesweetseria.com\/es\/wp-json\/wp\/v2\/media?parent=12120"}],"wp:term":[{"taxonomy":"product_cat","embeddable":true,"href":"https:\/\/thesweetseria.com\/es\/wp-json\/wp\/v2\/product_cat?post=12120"},{"taxonomy":"product_tag","embeddable":true,"href":"https:\/\/thesweetseria.com\/es\/wp-json\/wp\/v2\/product_tag?post=12120"}],"curies":[{"name":"wp","href":"https:\/\/api.w.org\/{rel}","templated":true}]}}