{"id":12109,"date":"2025-06-20T16:50:38","date_gmt":"2025-06-20T16:50:38","guid":{"rendered":"https:\/\/thesweetseria.com\/?post_type=product&#038;p=12109"},"modified":"2026-01-15T11:53:19","modified_gmt":"2026-01-15T11:53:19","slug":"prime-sournova-500ml","status":"publish","type":"product","link":"https:\/\/thesweetseria.com\/es\/producto\/prime-sournova-500ml\/","title":{"rendered":"Prime SOURNOVA 500ml"},"content":{"rendered":"","protected":false},"excerpt":{"rendered":"<p>La nueva PRIME Sournova 500ML est\u00e1 aqu\u00ed para sacudir las cosas con su intenso sabor y su irresistible toque \u00e1cido que te encantar\u00e1. Por qu\u00e9 tienes que probarla: Hidrataci\u00f3n sobrealimentada: Repleta de electrolitos y vitaminas para rendir al m\u00e1ximo, ya sea en el gimnasio o sobre la marcha. Pepper Blackberry flavor 355ml , una explosi\u00f3n de sabores afrutados y burbujeantes, donde el cl\u00e1sico perfil picante de Dr. Pepper se fusiona con la vibrante jugosidad de las moras maduras.<\/p>","protected":false},"featured_media":12110,"comment_status":"open","ping_status":"closed","template":"","meta":{"nf_dc_page":"","inline_featured_image":false},"product_cat":[90],"product_tag":[],"class_list":{"0":"post-12109","1":"product","2":"type-product","3":"status-publish","4":"has-post-thumbnail","6":"product_cat-drinks","8":"first","9":"outofstock","10":"sale","11":"taxable","12":"shipping-taxable","13":"purchasable","14":"product-type-simple"},"_links":{"self":[{"href":"https:\/\/thesweetseria.com\/es\/wp-json\/wp\/v2\/product\/12109","targetHints":{"allow":["GET"]}}],"collection":[{"href":"https:\/\/thesweetseria.com\/es\/wp-json\/wp\/v2\/product"}],"about":[{"href":"https:\/\/thesweetseria.com\/es\/wp-json\/wp\/v2\/types\/product"}],"replies":[{"embeddable":true,"href":"https:\/\/thesweetseria.com\/es\/wp-json\/wp\/v2\/comments?post=12109"}],"wp:featuredmedia":[{"embeddable":true,"href":"https:\/\/thesweetseria.com\/es\/wp-json\/wp\/v2\/media\/12110"}],"wp:attachment":[{"href":"https:\/\/thesweetseria.com\/es\/wp-json\/wp\/v2\/media?parent=12109"}],"wp:term":[{"taxonomy":"product_cat","embeddable":true,"href":"https:\/\/thesweetseria.com\/es\/wp-json\/wp\/v2\/product_cat?post=12109"},{"taxonomy":"product_tag","embeddable":true,"href":"https:\/\/thesweetseria.com\/es\/wp-json\/wp\/v2\/product_tag?post=12109"}],"curies":[{"name":"wp","href":"https:\/\/api.w.org\/{rel}","templated":true}]}}