{"id":12096,"date":"2025-06-20T16:38:52","date_gmt":"2025-06-20T16:38:52","guid":{"rendered":"https:\/\/thesweetseria.com\/?post_type=product&#038;p=12096"},"modified":"2026-04-06T19:15:04","modified_gmt":"2026-04-06T19:15:04","slug":"coris-pokemon-seal-book-gum-soda-3-5g","status":"publish","type":"product","link":"https:\/\/thesweetseria.com\/es\/producto\/coris-pokemon-seal-book-gum-soda-3-5g\/","title":{"rendered":"Coris Pokemon Seal Book Gum Soda 3.5g"},"content":{"rendered":"","protected":false},"excerpt":{"rendered":"<p>Disfruta del Libro de Sellos de Chicle Pok\u00e9mon Coris con refrescante sabor a refresco y 9 pegatinas Pok\u00e9mon para ni\u00f1os. Ideal para los fans de Pok\u00e9mon y los m\u00e1s golosos.<\/p>","protected":false},"featured_media":12097,"comment_status":"open","ping_status":"closed","template":"","meta":{"nf_dc_page":"","inline_featured_image":false},"product_cat":[108],"product_tag":[],"class_list":{"0":"post-12096","1":"product","2":"type-product","3":"status-publish","4":"has-post-thumbnail","6":"product_cat-candies","8":"first","9":"instock","10":"taxable","11":"shipping-taxable","12":"purchasable","13":"product-type-simple"},"_links":{"self":[{"href":"https:\/\/thesweetseria.com\/es\/wp-json\/wp\/v2\/product\/12096","targetHints":{"allow":["GET"]}}],"collection":[{"href":"https:\/\/thesweetseria.com\/es\/wp-json\/wp\/v2\/product"}],"about":[{"href":"https:\/\/thesweetseria.com\/es\/wp-json\/wp\/v2\/types\/product"}],"replies":[{"embeddable":true,"href":"https:\/\/thesweetseria.com\/es\/wp-json\/wp\/v2\/comments?post=12096"}],"wp:featuredmedia":[{"embeddable":true,"href":"https:\/\/thesweetseria.com\/es\/wp-json\/wp\/v2\/media\/12097"}],"wp:attachment":[{"href":"https:\/\/thesweetseria.com\/es\/wp-json\/wp\/v2\/media?parent=12096"}],"wp:term":[{"taxonomy":"product_cat","embeddable":true,"href":"https:\/\/thesweetseria.com\/es\/wp-json\/wp\/v2\/product_cat?post=12096"},{"taxonomy":"product_tag","embeddable":true,"href":"https:\/\/thesweetseria.com\/es\/wp-json\/wp\/v2\/product_tag?post=12096"}],"curies":[{"name":"wp","href":"https:\/\/api.w.org\/{rel}","templated":true}]}}