{"id":12094,"date":"2025-06-20T16:37:20","date_gmt":"2025-06-20T16:37:20","guid":{"rendered":"https:\/\/thesweetseria.com\/?post_type=product&#038;p=12094"},"modified":"2025-10-17T15:40:12","modified_gmt":"2025-10-17T15:40:12","slug":"coris-dragon-ball-metallic-sheet-soda-gum-asian-3-5g","status":"publish","type":"product","link":"https:\/\/thesweetseria.com\/es\/producto\/coris-dragon-ball-metallic-sheet-soda-gum-asian-3-5g\/","title":{"rendered":"Coris Dragon Ball Metallic Sheet Soda Gum Asian 3.5g"},"content":{"rendered":"","protected":false},"excerpt":{"rendered":"<p>Coris Dragon Ball Super Hoja Met\u00e1lica Chicle 3.5g. Una forma sorprendentemente dulce de reunir y coleccionar a tus luchadores favoritos de Dragon Ball Super en forma de brillantes pegatinas, \u00a1a ver con qu\u00e9 guerrero te encuentras dentro de este paquete de chicles de hoja met\u00e1lica! Provisto de una peque\u00f1a hoja de chicle efervescente de soda Ramune que puedes rasgar y masticar placenteramente, cada paquete de chicles contiene una pegatina met\u00e1lica brillante aleatoria del tama\u00f1o de una postal (14,8 cm x 10 cm) con arte nuevo y original de los ic\u00f3nicos personajes de Dragon Ball Super. Ideales para coleccionar, exponer o pegar en dispositivos o blocs de notas, los paquetes especialmente seleccionados vienen con pegatinas s\u00faper raras para potenciar tu colecci\u00f3n.<\/p>","protected":false},"featured_media":12095,"comment_status":"open","ping_status":"closed","template":"","meta":{"nf_dc_page":"","inline_featured_image":false},"product_cat":[108],"product_tag":[],"class_list":{"0":"post-12094","1":"product","2":"type-product","3":"status-publish","4":"has-post-thumbnail","6":"product_cat-candies","8":"first","9":"instock","10":"taxable","11":"shipping-taxable","12":"purchasable","13":"product-type-simple"},"_links":{"self":[{"href":"https:\/\/thesweetseria.com\/es\/wp-json\/wp\/v2\/product\/12094","targetHints":{"allow":["GET"]}}],"collection":[{"href":"https:\/\/thesweetseria.com\/es\/wp-json\/wp\/v2\/product"}],"about":[{"href":"https:\/\/thesweetseria.com\/es\/wp-json\/wp\/v2\/types\/product"}],"replies":[{"embeddable":true,"href":"https:\/\/thesweetseria.com\/es\/wp-json\/wp\/v2\/comments?post=12094"}],"wp:featuredmedia":[{"embeddable":true,"href":"https:\/\/thesweetseria.com\/es\/wp-json\/wp\/v2\/media\/12095"}],"wp:attachment":[{"href":"https:\/\/thesweetseria.com\/es\/wp-json\/wp\/v2\/media?parent=12094"}],"wp:term":[{"taxonomy":"product_cat","embeddable":true,"href":"https:\/\/thesweetseria.com\/es\/wp-json\/wp\/v2\/product_cat?post=12094"},{"taxonomy":"product_tag","embeddable":true,"href":"https:\/\/thesweetseria.com\/es\/wp-json\/wp\/v2\/product_tag?post=12094"}],"curies":[{"name":"wp","href":"https:\/\/api.w.org\/{rel}","templated":true}]}}