{"id":12082,"date":"2025-06-20T16:23:00","date_gmt":"2025-06-20T16:23:00","guid":{"rendered":"https:\/\/thesweetseria.com\/?post_type=product&#038;p=12082"},"modified":"2026-03-12T12:48:45","modified_gmt":"2026-03-12T12:48:45","slug":"amos-4d-juicy-burst-grape-fruit-gummy-65g","status":"publish","type":"product","link":"https:\/\/thesweetseria.com\/es\/producto\/amos-4d-juicy-burst-grape-fruit-gummy-65g\/","title":{"rendered":"Amos 4D Juicy Burst Grape Fruit Gummy 65g"},"content":{"rendered":"","protected":false},"excerpt":{"rendered":"<p>\u00a1Satisface tus antojos de dulce con AMOS 4D Fruit Gummy Grape Burst! Estos adorables caramelos de goma con forma 3D est\u00e1n dise\u00f1ados para parecerse a las uvas reales y est\u00e1n llenos de un delicioso y jugoso centro l\u00edquido con sabor a uva.<\/p>","protected":false},"featured_media":12083,"comment_status":"open","ping_status":"closed","template":"","meta":{"nf_dc_page":"","inline_featured_image":false},"product_cat":[108],"product_tag":[],"class_list":{"0":"post-12082","1":"product","2":"type-product","3":"status-publish","4":"has-post-thumbnail","6":"product_cat-candies","8":"first","9":"instock","10":"taxable","11":"shipping-taxable","12":"purchasable","13":"product-type-simple"},"_links":{"self":[{"href":"https:\/\/thesweetseria.com\/es\/wp-json\/wp\/v2\/product\/12082","targetHints":{"allow":["GET"]}}],"collection":[{"href":"https:\/\/thesweetseria.com\/es\/wp-json\/wp\/v2\/product"}],"about":[{"href":"https:\/\/thesweetseria.com\/es\/wp-json\/wp\/v2\/types\/product"}],"replies":[{"embeddable":true,"href":"https:\/\/thesweetseria.com\/es\/wp-json\/wp\/v2\/comments?post=12082"}],"wp:featuredmedia":[{"embeddable":true,"href":"https:\/\/thesweetseria.com\/es\/wp-json\/wp\/v2\/media\/12083"}],"wp:attachment":[{"href":"https:\/\/thesweetseria.com\/es\/wp-json\/wp\/v2\/media?parent=12082"}],"wp:term":[{"taxonomy":"product_cat","embeddable":true,"href":"https:\/\/thesweetseria.com\/es\/wp-json\/wp\/v2\/product_cat?post=12082"},{"taxonomy":"product_tag","embeddable":true,"href":"https:\/\/thesweetseria.com\/es\/wp-json\/wp\/v2\/product_tag?post=12082"}],"curies":[{"name":"wp","href":"https:\/\/api.w.org\/{rel}","templated":true}]}}