{"id":12060,"date":"2025-06-11T08:04:50","date_gmt":"2025-06-11T08:04:50","guid":{"rendered":"https:\/\/thesweetseria.com\/?post_type=product&#038;p=12060"},"modified":"2025-12-10T11:33:24","modified_gmt":"2025-12-10T11:33:24","slug":"sour-punch-bites-rad-reds-142g","status":"publish","type":"product","link":"https:\/\/thesweetseria.com\/es\/producto\/sour-punch-bites-rad-reds-142g\/","title":{"rendered":"Sour Punch Bites Rad Reds 142g"},"content":{"rendered":"","protected":false},"excerpt":{"rendered":"<p>Apetitosos Sour Punch Bites, \u00a1ahora en sabores Rad Reds! Deliciosos bocaditos de caramelo blandos y masticables con sabor a fruta y una cobertura \u00e1cida \u00fanica, listos para calmar cualquier antojo de caramelo \u00e1cido. La mezcla Rad Sour contiene sabores de fresa, sand\u00eda, cereza y frambuesa.<\/p>","protected":false},"featured_media":12061,"comment_status":"open","ping_status":"closed","template":"","meta":{"nf_dc_page":"","inline_featured_image":false},"product_cat":[111],"product_tag":[],"class_list":{"0":"post-12060","1":"product","2":"type-product","3":"status-publish","4":"has-post-thumbnail","6":"product_cat-cereal","8":"first","9":"outofstock","10":"taxable","11":"shipping-taxable","12":"purchasable","13":"product-type-simple"},"_links":{"self":[{"href":"https:\/\/thesweetseria.com\/es\/wp-json\/wp\/v2\/product\/12060","targetHints":{"allow":["GET"]}}],"collection":[{"href":"https:\/\/thesweetseria.com\/es\/wp-json\/wp\/v2\/product"}],"about":[{"href":"https:\/\/thesweetseria.com\/es\/wp-json\/wp\/v2\/types\/product"}],"replies":[{"embeddable":true,"href":"https:\/\/thesweetseria.com\/es\/wp-json\/wp\/v2\/comments?post=12060"}],"wp:featuredmedia":[{"embeddable":true,"href":"https:\/\/thesweetseria.com\/es\/wp-json\/wp\/v2\/media\/12061"}],"wp:attachment":[{"href":"https:\/\/thesweetseria.com\/es\/wp-json\/wp\/v2\/media?parent=12060"}],"wp:term":[{"taxonomy":"product_cat","embeddable":true,"href":"https:\/\/thesweetseria.com\/es\/wp-json\/wp\/v2\/product_cat?post=12060"},{"taxonomy":"product_tag","embeddable":true,"href":"https:\/\/thesweetseria.com\/es\/wp-json\/wp\/v2\/product_tag?post=12060"}],"curies":[{"name":"wp","href":"https:\/\/api.w.org\/{rel}","templated":true}]}}