{"id":12056,"date":"2025-06-06T14:41:38","date_gmt":"2025-06-06T14:41:38","guid":{"rendered":"https:\/\/thesweetseria.com\/?post_type=product&#038;p=12056"},"modified":"2025-07-28T10:56:39","modified_gmt":"2025-07-28T10:56:39","slug":"pop-mart-skullpanda-limpressionnisme-series-plush-doll","status":"publish","type":"product","link":"https:\/\/thesweetseria.com\/es\/producto\/pop-mart-skullpanda-limpressionnisme-series-plush-doll\/","title":{"rendered":"Pop Mart Skullpanda Limpressionnisme Series Plush Doll"},"content":{"rendered":"","protected":false},"excerpt":{"rendered":"<p>Serie oficial POP MART SKULLPANDA: Esta serie presenta dise\u00f1os aut\u00e9nticos de SKULLPANDA, conocida por sus representaciones l\u00fadicas y art\u00edsticas de simp\u00e1ticos personajes.<\/p>","protected":false},"featured_media":12057,"comment_status":"open","ping_status":"closed","template":"","meta":{"nf_dc_page":"","inline_featured_image":false},"product_cat":[112],"product_tag":[],"class_list":{"0":"post-12056","1":"product","2":"type-product","3":"status-publish","4":"has-post-thumbnail","6":"product_cat-toys-accessories","8":"first","9":"instock","10":"taxable","11":"shipping-taxable","12":"purchasable","13":"product-type-simple"},"_links":{"self":[{"href":"https:\/\/thesweetseria.com\/es\/wp-json\/wp\/v2\/product\/12056","targetHints":{"allow":["GET"]}}],"collection":[{"href":"https:\/\/thesweetseria.com\/es\/wp-json\/wp\/v2\/product"}],"about":[{"href":"https:\/\/thesweetseria.com\/es\/wp-json\/wp\/v2\/types\/product"}],"replies":[{"embeddable":true,"href":"https:\/\/thesweetseria.com\/es\/wp-json\/wp\/v2\/comments?post=12056"}],"wp:featuredmedia":[{"embeddable":true,"href":"https:\/\/thesweetseria.com\/es\/wp-json\/wp\/v2\/media\/12057"}],"wp:attachment":[{"href":"https:\/\/thesweetseria.com\/es\/wp-json\/wp\/v2\/media?parent=12056"}],"wp:term":[{"taxonomy":"product_cat","embeddable":true,"href":"https:\/\/thesweetseria.com\/es\/wp-json\/wp\/v2\/product_cat?post=12056"},{"taxonomy":"product_tag","embeddable":true,"href":"https:\/\/thesweetseria.com\/es\/wp-json\/wp\/v2\/product_tag?post=12056"}],"curies":[{"name":"wp","href":"https:\/\/api.w.org\/{rel}","templated":true}]}}