{"id":12040,"date":"2025-05-29T16:49:12","date_gmt":"2025-05-29T16:49:12","guid":{"rendered":"https:\/\/thesweetseria.com\/?post_type=product&#038;p=12040"},"modified":"2026-02-05T12:43:34","modified_gmt":"2026-02-05T12:43:34","slug":"prime-juventus-500ml","status":"publish","type":"product","link":"https:\/\/thesweetseria.com\/es\/producto\/prime-juventus-500ml\/","title":{"rendered":"Prime Juventus 500ml"},"content":{"rendered":"","protected":false},"excerpt":{"rendered":"<p>Prime Hydration Juventus Drink 500ML - Edici\u00f3n Limitada Mantente hidratado como un campe\u00f3n con la Edici\u00f3n Limitada Juventus Drink de Prime Hydration. Esta botella de 500ML cuenta con un dise\u00f1o \u00fanico y un sabor refrescante para mantenerte hidratado y listo para cualquier desaf\u00edo. \u00a1Marca un gol con cada sorbo!<\/p>","protected":false},"featured_media":12041,"comment_status":"open","ping_status":"closed","template":"","meta":{"nf_dc_page":"","inline_featured_image":false},"product_cat":[90],"product_tag":[],"class_list":{"0":"post-12040","1":"product","2":"type-product","3":"status-publish","4":"has-post-thumbnail","6":"product_cat-drinks","8":"first","9":"instock","10":"sale","11":"taxable","12":"shipping-taxable","13":"purchasable","14":"product-type-simple"},"_links":{"self":[{"href":"https:\/\/thesweetseria.com\/es\/wp-json\/wp\/v2\/product\/12040","targetHints":{"allow":["GET"]}}],"collection":[{"href":"https:\/\/thesweetseria.com\/es\/wp-json\/wp\/v2\/product"}],"about":[{"href":"https:\/\/thesweetseria.com\/es\/wp-json\/wp\/v2\/types\/product"}],"replies":[{"embeddable":true,"href":"https:\/\/thesweetseria.com\/es\/wp-json\/wp\/v2\/comments?post=12040"}],"wp:featuredmedia":[{"embeddable":true,"href":"https:\/\/thesweetseria.com\/es\/wp-json\/wp\/v2\/media\/12041"}],"wp:attachment":[{"href":"https:\/\/thesweetseria.com\/es\/wp-json\/wp\/v2\/media?parent=12040"}],"wp:term":[{"taxonomy":"product_cat","embeddable":true,"href":"https:\/\/thesweetseria.com\/es\/wp-json\/wp\/v2\/product_cat?post=12040"},{"taxonomy":"product_tag","embeddable":true,"href":"https:\/\/thesweetseria.com\/es\/wp-json\/wp\/v2\/product_tag?post=12040"}],"curies":[{"name":"wp","href":"https:\/\/api.w.org\/{rel}","templated":true}]}}