{"id":12035,"date":"2025-05-29T16:46:10","date_gmt":"2025-05-29T16:46:10","guid":{"rendered":"https:\/\/thesweetseria.com\/?post_type=product&#038;p=12035"},"modified":"2026-01-15T11:54:10","modified_gmt":"2026-01-15T11:54:10","slug":"prime-blue-chill-500ml","status":"publish","type":"product","link":"https:\/\/thesweetseria.com\/es\/producto\/prime-blue-chill-500ml\/","title":{"rendered":"Prime Blue Chill 500ml"},"content":{"rendered":"","protected":false},"excerpt":{"rendered":"<p>\u00a1Rehidr\u00e1tate y refr\u00e9scate con la hidrataci\u00f3n helada sabor Blue Chill de Prime! Esta bebida de 500 ml est\u00e1 repleta de electrolitos y un delicioso sabor a ar\u00e1ndanos, naranja y lima para mantenerte fresco y con energ\u00eda durante todo el d\u00eda. Perfecta para entrenar o para llevar, \u00a1mantente hidratado con Prime!<\/p>","protected":false},"featured_media":12036,"comment_status":"open","ping_status":"closed","template":"","meta":{"nf_dc_page":"","inline_featured_image":false},"product_cat":[90],"product_tag":[],"class_list":{"0":"post-12035","1":"product","2":"type-product","3":"status-publish","4":"has-post-thumbnail","6":"product_cat-drinks","8":"first","9":"instock","10":"sale","11":"taxable","12":"shipping-taxable","13":"purchasable","14":"product-type-simple"},"_links":{"self":[{"href":"https:\/\/thesweetseria.com\/es\/wp-json\/wp\/v2\/product\/12035","targetHints":{"allow":["GET"]}}],"collection":[{"href":"https:\/\/thesweetseria.com\/es\/wp-json\/wp\/v2\/product"}],"about":[{"href":"https:\/\/thesweetseria.com\/es\/wp-json\/wp\/v2\/types\/product"}],"replies":[{"embeddable":true,"href":"https:\/\/thesweetseria.com\/es\/wp-json\/wp\/v2\/comments?post=12035"}],"wp:featuredmedia":[{"embeddable":true,"href":"https:\/\/thesweetseria.com\/es\/wp-json\/wp\/v2\/media\/12036"}],"wp:attachment":[{"href":"https:\/\/thesweetseria.com\/es\/wp-json\/wp\/v2\/media?parent=12035"}],"wp:term":[{"taxonomy":"product_cat","embeddable":true,"href":"https:\/\/thesweetseria.com\/es\/wp-json\/wp\/v2\/product_cat?post=12035"},{"taxonomy":"product_tag","embeddable":true,"href":"https:\/\/thesweetseria.com\/es\/wp-json\/wp\/v2\/product_tag?post=12035"}],"curies":[{"name":"wp","href":"https:\/\/api.w.org\/{rel}","templated":true}]}}