{"id":12031,"date":"2025-05-29T16:43:26","date_gmt":"2025-05-29T16:43:26","guid":{"rendered":"https:\/\/thesweetseria.com\/?post_type=product&#038;p=12031"},"modified":"2026-02-05T12:44:11","modified_gmt":"2026-02-05T12:44:11","slug":"prime-bayern-500ml","status":"publish","type":"product","link":"https:\/\/thesweetseria.com\/es\/producto\/prime-bayern-500ml\/","title":{"rendered":"Prime Bayern 500ml"},"content":{"rendered":"","protected":false},"excerpt":{"rendered":"<p>Vive la emoci\u00f3n del FC Bayern M\u00fcnchen con esta edici\u00f3n especial de la bebida deportiva Prime. Esta refrescante bebida de 500 ml est\u00e1 dise\u00f1ada para mantenerte con energ\u00eda durante todo el d\u00eda. La marca distintiva FC Bayern M\u00fcnchen hace de esta bebida una necesidad para los fans devotos y coleccionistas por igual.<\/p>","protected":false},"featured_media":12032,"comment_status":"open","ping_status":"closed","template":"","meta":{"nf_dc_page":"","inline_featured_image":false},"product_cat":[90],"product_tag":[],"class_list":{"0":"post-12031","1":"product","2":"type-product","3":"status-publish","4":"has-post-thumbnail","6":"product_cat-drinks","8":"first","9":"instock","10":"sale","11":"taxable","12":"shipping-taxable","13":"purchasable","14":"product-type-simple"},"_links":{"self":[{"href":"https:\/\/thesweetseria.com\/es\/wp-json\/wp\/v2\/product\/12031","targetHints":{"allow":["GET"]}}],"collection":[{"href":"https:\/\/thesweetseria.com\/es\/wp-json\/wp\/v2\/product"}],"about":[{"href":"https:\/\/thesweetseria.com\/es\/wp-json\/wp\/v2\/types\/product"}],"replies":[{"embeddable":true,"href":"https:\/\/thesweetseria.com\/es\/wp-json\/wp\/v2\/comments?post=12031"}],"wp:featuredmedia":[{"embeddable":true,"href":"https:\/\/thesweetseria.com\/es\/wp-json\/wp\/v2\/media\/12032"}],"wp:attachment":[{"href":"https:\/\/thesweetseria.com\/es\/wp-json\/wp\/v2\/media?parent=12031"}],"wp:term":[{"taxonomy":"product_cat","embeddable":true,"href":"https:\/\/thesweetseria.com\/es\/wp-json\/wp\/v2\/product_cat?post=12031"},{"taxonomy":"product_tag","embeddable":true,"href":"https:\/\/thesweetseria.com\/es\/wp-json\/wp\/v2\/product_tag?post=12031"}],"curies":[{"name":"wp","href":"https:\/\/api.w.org\/{rel}","templated":true}]}}