{"id":12025,"date":"2025-05-29T16:39:12","date_gmt":"2025-05-29T16:39:12","guid":{"rendered":"https:\/\/thesweetseria.com\/?post_type=product&#038;p=12025"},"modified":"2026-04-24T12:57:03","modified_gmt":"2026-04-24T12:57:03","slug":"china-coca-cola-white-peach-can-330ml","status":"publish","type":"product","link":"https:\/\/thesweetseria.com\/es\/producto\/china-coca-cola-white-peach-can-330ml\/","title":{"rendered":"China Coca Cola White Peach Can 330ml"},"content":{"rendered":"","protected":false},"excerpt":{"rendered":"<p>La Lata de Coca Cola Melocot\u00f3n en la Edici\u00f3n China, 330ML, ofrece un toque \u00fanico con el sabor dulce y jugoso de los melocotones maduros. R: Los detalles espec\u00edficos de los ingredientes pueden variar. Consulte el envase para obtener informaci\u00f3n y restricciones diet\u00e9ticas.<\/p>","protected":false},"featured_media":12026,"comment_status":"open","ping_status":"closed","template":"","meta":{"nf_dc_page":"","inline_featured_image":false},"product_cat":[90],"product_tag":[],"class_list":{"0":"post-12025","1":"product","2":"type-product","3":"status-publish","4":"has-post-thumbnail","6":"product_cat-drinks","8":"first","9":"instock","10":"taxable","11":"shipping-taxable","12":"purchasable","13":"product-type-simple"},"_links":{"self":[{"href":"https:\/\/thesweetseria.com\/es\/wp-json\/wp\/v2\/product\/12025","targetHints":{"allow":["GET"]}}],"collection":[{"href":"https:\/\/thesweetseria.com\/es\/wp-json\/wp\/v2\/product"}],"about":[{"href":"https:\/\/thesweetseria.com\/es\/wp-json\/wp\/v2\/types\/product"}],"replies":[{"embeddable":true,"href":"https:\/\/thesweetseria.com\/es\/wp-json\/wp\/v2\/comments?post=12025"}],"wp:featuredmedia":[{"embeddable":true,"href":"https:\/\/thesweetseria.com\/es\/wp-json\/wp\/v2\/media\/12026"}],"wp:attachment":[{"href":"https:\/\/thesweetseria.com\/es\/wp-json\/wp\/v2\/media?parent=12025"}],"wp:term":[{"taxonomy":"product_cat","embeddable":true,"href":"https:\/\/thesweetseria.com\/es\/wp-json\/wp\/v2\/product_cat?post=12025"},{"taxonomy":"product_tag","embeddable":true,"href":"https:\/\/thesweetseria.com\/es\/wp-json\/wp\/v2\/product_tag?post=12025"}],"curies":[{"name":"wp","href":"https:\/\/api.w.org\/{rel}","templated":true}]}}