{"id":12023,"date":"2025-05-29T16:38:05","date_gmt":"2025-05-29T16:38:05","guid":{"rendered":"https:\/\/thesweetseria.com\/?post_type=product&#038;p=12023"},"modified":"2025-09-30T17:42:57","modified_gmt":"2025-09-30T17:42:57","slug":"china-coca-cola-strawberry-500ml","status":"publish","type":"product","link":"https:\/\/thesweetseria.com\/es\/producto\/china-coca-cola-strawberry-500ml\/","title":{"rendered":"China Coca Cola Strawberry 500ml"},"content":{"rendered":"","protected":false},"excerpt":{"rendered":"<p>Refr\u00e9scate con el delicioso toque de la Coca Cola china Fresa en una pr\u00e1ctica botella de 500 ml. Este sabor de edici\u00f3n especial infunde el sabor cl\u00e1sico de Coca Cola con una sutil y dulce esencia de fresa, ofreciendo una experiencia de bebida \u00fanica y refrescante.<\/p>","protected":false},"featured_media":12024,"comment_status":"open","ping_status":"closed","template":"","meta":{"nf_dc_page":"","inline_featured_image":false},"product_cat":[90],"product_tag":[],"class_list":{"0":"post-12023","1":"product","2":"type-product","3":"status-publish","4":"has-post-thumbnail","6":"product_cat-drinks","8":"first","9":"instock","10":"taxable","11":"shipping-taxable","12":"purchasable","13":"product-type-simple"},"_links":{"self":[{"href":"https:\/\/thesweetseria.com\/es\/wp-json\/wp\/v2\/product\/12023","targetHints":{"allow":["GET"]}}],"collection":[{"href":"https:\/\/thesweetseria.com\/es\/wp-json\/wp\/v2\/product"}],"about":[{"href":"https:\/\/thesweetseria.com\/es\/wp-json\/wp\/v2\/types\/product"}],"replies":[{"embeddable":true,"href":"https:\/\/thesweetseria.com\/es\/wp-json\/wp\/v2\/comments?post=12023"}],"wp:featuredmedia":[{"embeddable":true,"href":"https:\/\/thesweetseria.com\/es\/wp-json\/wp\/v2\/media\/12024"}],"wp:attachment":[{"href":"https:\/\/thesweetseria.com\/es\/wp-json\/wp\/v2\/media?parent=12023"}],"wp:term":[{"taxonomy":"product_cat","embeddable":true,"href":"https:\/\/thesweetseria.com\/es\/wp-json\/wp\/v2\/product_cat?post=12023"},{"taxonomy":"product_tag","embeddable":true,"href":"https:\/\/thesweetseria.com\/es\/wp-json\/wp\/v2\/product_tag?post=12023"}],"curies":[{"name":"wp","href":"https:\/\/api.w.org\/{rel}","templated":true}]}}