{"id":12021,"date":"2025-05-29T16:36:59","date_gmt":"2025-05-29T16:36:59","guid":{"rendered":"https:\/\/thesweetseria.com\/?post_type=product&#038;p=12021"},"modified":"2026-03-30T10:57:57","modified_gmt":"2026-03-30T10:57:57","slug":"china-cheetos-steak-flavor-90g","status":"publish","type":"product","link":"https:\/\/thesweetseria.com\/es\/producto\/china-cheetos-steak-flavor-90g\/","title":{"rendered":"China Cheetos Steak Flavor 90g"},"content":{"rendered":"","protected":false},"excerpt":{"rendered":"<p>Lleva tus aperitivos al siguiente nivel con los irresistibles Cheetos sabor American Steak. Las patatas fritas crujientes y con queso favoritas de todo el mundo ahora llevan el sabroso sabor del pavo americano para dar un nuevo y excitante giro a un snack cl\u00e1sico. Tanto si est\u00e1s disfrutando de una noche de cine con frsteakiends como si necesitas un tentempi\u00e9 r\u00e1pido durante el d\u00eda, nuestros Cheetos Sabor Americano son la elecci\u00f3n perfecta. Prep\u00e1rate para saborear el delicioso sabor y el crujido de este irresistible snack. Pru\u00e9belos hoy mismo y experimente lo \u00faltimo en queso.<\/p>","protected":false},"featured_media":12022,"comment_status":"open","ping_status":"closed","template":"","meta":{"nf_dc_page":"","inline_featured_image":false},"product_cat":[107],"product_tag":[],"class_list":{"0":"post-12021","1":"product","2":"type-product","3":"status-publish","4":"has-post-thumbnail","6":"product_cat-salty-snacks","8":"first","9":"instock","10":"taxable","11":"shipping-taxable","12":"purchasable","13":"product-type-simple"},"_links":{"self":[{"href":"https:\/\/thesweetseria.com\/es\/wp-json\/wp\/v2\/product\/12021","targetHints":{"allow":["GET"]}}],"collection":[{"href":"https:\/\/thesweetseria.com\/es\/wp-json\/wp\/v2\/product"}],"about":[{"href":"https:\/\/thesweetseria.com\/es\/wp-json\/wp\/v2\/types\/product"}],"replies":[{"embeddable":true,"href":"https:\/\/thesweetseria.com\/es\/wp-json\/wp\/v2\/comments?post=12021"}],"wp:featuredmedia":[{"embeddable":true,"href":"https:\/\/thesweetseria.com\/es\/wp-json\/wp\/v2\/media\/12022"}],"wp:attachment":[{"href":"https:\/\/thesweetseria.com\/es\/wp-json\/wp\/v2\/media?parent=12021"}],"wp:term":[{"taxonomy":"product_cat","embeddable":true,"href":"https:\/\/thesweetseria.com\/es\/wp-json\/wp\/v2\/product_cat?post=12021"},{"taxonomy":"product_tag","embeddable":true,"href":"https:\/\/thesweetseria.com\/es\/wp-json\/wp\/v2\/product_tag?post=12021"}],"curies":[{"name":"wp","href":"https:\/\/api.w.org\/{rel}","templated":true}]}}