{"id":12001,"date":"2025-05-26T09:02:33","date_gmt":"2025-05-26T09:02:33","guid":{"rendered":"https:\/\/thesweetseria.com\/?post_type=product&#038;p=12001"},"modified":"2025-08-12T11:05:52","modified_gmt":"2025-08-12T11:05:52","slug":"pop-mart-hacipupu-the-constellation-vynil-plush-blind-box-2","status":"publish","type":"product","link":"https:\/\/thesweetseria.com\/es\/producto\/pop-mart-hacipupu-the-constellation-vynil-plush-blind-box-2\/","title":{"rendered":"POP MART HACIPUPU The Constellation Vynil Plush Blind Box"},"content":{"rendered":"","protected":false},"excerpt":{"rendered":"<p>La serie Hacipupu Constellation de Pop Mart presenta a un personaje en un viaje celestial en el que se encuentra con diferentes signos del zodiaco. Las figuras son cajas ciegas, lo que significa que el dise\u00f1o espec\u00edfico es una sorpresa hasta que se abren. Cada set incluye 12 dise\u00f1os regulares y potencialmente una figura secreta (chaser), que es m\u00e1s rara.<\/p>\n<p>\u00a1ESTE ES UN PRODUCTO OFICIAL EXCLUSIVO DE POP MART! NO SE ACEPTAN DEVOLUCIONES NI CAMBIOS DE ESTE PRODUCTO.<\/p>\n<p>\u00a1LOS IMPUESTOS SE A\u00d1ADIR\u00c1N EN EL MOMENTO DE LA COMPRA!<\/p>","protected":false},"featured_media":12003,"comment_status":"open","ping_status":"closed","template":"","meta":{"nf_dc_page":"","inline_featured_image":false},"product_cat":[112],"product_tag":[],"class_list":{"0":"post-12001","1":"product","2":"type-product","3":"status-publish","4":"has-post-thumbnail","6":"product_cat-toys-accessories","8":"first","9":"instock","10":"taxable","11":"shipping-taxable","12":"purchasable","13":"product-type-simple"},"_links":{"self":[{"href":"https:\/\/thesweetseria.com\/es\/wp-json\/wp\/v2\/product\/12001","targetHints":{"allow":["GET"]}}],"collection":[{"href":"https:\/\/thesweetseria.com\/es\/wp-json\/wp\/v2\/product"}],"about":[{"href":"https:\/\/thesweetseria.com\/es\/wp-json\/wp\/v2\/types\/product"}],"replies":[{"embeddable":true,"href":"https:\/\/thesweetseria.com\/es\/wp-json\/wp\/v2\/comments?post=12001"}],"wp:featuredmedia":[{"embeddable":true,"href":"https:\/\/thesweetseria.com\/es\/wp-json\/wp\/v2\/media\/12003"}],"wp:attachment":[{"href":"https:\/\/thesweetseria.com\/es\/wp-json\/wp\/v2\/media?parent=12001"}],"wp:term":[{"taxonomy":"product_cat","embeddable":true,"href":"https:\/\/thesweetseria.com\/es\/wp-json\/wp\/v2\/product_cat?post=12001"},{"taxonomy":"product_tag","embeddable":true,"href":"https:\/\/thesweetseria.com\/es\/wp-json\/wp\/v2\/product_tag?post=12001"}],"curies":[{"name":"wp","href":"https:\/\/api.w.org\/{rel}","templated":true}]}}