{"id":11967,"date":"2025-05-06T12:35:38","date_gmt":"2025-05-06T12:35:38","guid":{"rendered":"https:\/\/thesweetseria.com\/?post_type=product&#038;p=11967"},"modified":"2025-06-13T11:16:04","modified_gmt":"2025-06-13T11:16:04","slug":"pop-mart-labubu-exciting-macaron-blind-box","status":"publish","type":"product","link":"https:\/\/thesweetseria.com\/es\/producto\/pop-mart-labubu-exciting-macaron-blind-box\/","title":{"rendered":"Pop Mart LABUBU THE MONSTERS EXCITING MACARON BLIND BOX"},"content":{"rendered":"","protected":false},"excerpt":{"rendered":"<p>OFICIAL POP MART LOS MONSTRUOS (LABUBU) - \u00a1Emocionantes Cajas Ciegas con Caras de Vinilo de Macarons! \u00a1Estos Juguetes son muy dif\u00edciles de conseguir, y son algunos de los m\u00e1s exclusivos en todo el mundo! La caja ciega contiene una figura al azar de la serie The Exciting Macarons. Cada caja ciega s\u00f3lo contiene una figura. Nadie, incluidos nosotros, sabe lo que hay dentro.<\/p>\n<p>Las cajas ciegas son totalmente aleatorias y no podemos aceptar peticiones de art\u00edculos espec\u00edficos. Las posibilidades de conseguir la edici\u00f3n secreta suelen ser de 1\/72.<\/p>\n<p>Estas figuras son el regalo perfecto para cualquier ocasi\u00f3n, ya sea el D\u00eda del Ni\u00f1o, Navidad, Halloween, Acci\u00f3n de Gracias o A\u00f1o Nuevo. Una obra de arte que expresa sentimientos profundos y emociones complicadas, tambi\u00e9n es un maravilloso regalo de decoraci\u00f3n para tu familia o amigos.<\/p>\n<p>\u00a1ESTE ES UN PRODUCTO OFICIAL EXCLUSIVO DE POP MART! NO SE ACEPTAN DEVOLUCIONES NI CAMBIOS DE ESTE PRODUCTO.<\/p>\n<p>\u00a1LOS IMPUESTOS SE A\u00d1ADIR\u00c1N EN EL MOMENTO DE LA COMPRA!<\/p>","protected":false},"featured_media":11968,"comment_status":"open","ping_status":"closed","template":"","meta":{"nf_dc_page":"","inline_featured_image":false},"product_cat":[112],"product_tag":[],"class_list":{"0":"post-11967","1":"product","2":"type-product","3":"status-publish","4":"has-post-thumbnail","6":"product_cat-toys-accessories","8":"first","9":"outofstock","10":"taxable","11":"shipping-taxable","12":"purchasable","13":"product-type-simple"},"_links":{"self":[{"href":"https:\/\/thesweetseria.com\/es\/wp-json\/wp\/v2\/product\/11967","targetHints":{"allow":["GET"]}}],"collection":[{"href":"https:\/\/thesweetseria.com\/es\/wp-json\/wp\/v2\/product"}],"about":[{"href":"https:\/\/thesweetseria.com\/es\/wp-json\/wp\/v2\/types\/product"}],"replies":[{"embeddable":true,"href":"https:\/\/thesweetseria.com\/es\/wp-json\/wp\/v2\/comments?post=11967"}],"wp:featuredmedia":[{"embeddable":true,"href":"https:\/\/thesweetseria.com\/es\/wp-json\/wp\/v2\/media\/11968"}],"wp:attachment":[{"href":"https:\/\/thesweetseria.com\/es\/wp-json\/wp\/v2\/media?parent=11967"}],"wp:term":[{"taxonomy":"product_cat","embeddable":true,"href":"https:\/\/thesweetseria.com\/es\/wp-json\/wp\/v2\/product_cat?post=11967"},{"taxonomy":"product_tag","embeddable":true,"href":"https:\/\/thesweetseria.com\/es\/wp-json\/wp\/v2\/product_tag?post=11967"}],"curies":[{"name":"wp","href":"https:\/\/api.w.org\/{rel}","templated":true}]}}