{"id":11948,"date":"2025-04-25T09:46:47","date_gmt":"2025-04-25T09:46:47","guid":{"rendered":"https:\/\/thesweetseria.com\/?post_type=product&#038;p=11948"},"modified":"2025-10-22T17:47:54","modified_gmt":"2025-10-22T17:47:54","slug":"jarritos-watermelon-355ml","status":"publish","type":"product","link":"https:\/\/thesweetseria.com\/es\/producto\/jarritos-watermelon-355ml\/","title":{"rendered":"Jarritos Watermelon 355ml"},"content":{"rendered":"","protected":false},"excerpt":{"rendered":"<p>Experimenta la delicia natural y veraniega de nuestro refresco de sand\u00eda Jarritos. Elaborado con az\u00facar 100% real, este cl\u00e1sico mexicano tiene un aut\u00e9ntico sabor a sand\u00eda. Es el acompa\u00f1amiento ideal para cualquier plato y una opci\u00f3n refrescante, especialmente durante los calurosos meses de verano.<\/p>","protected":false},"featured_media":11949,"comment_status":"open","ping_status":"closed","template":"","meta":{"nf_dc_page":"","inline_featured_image":false},"product_cat":[90],"product_tag":[],"class_list":{"0":"post-11948","1":"product","2":"type-product","3":"status-publish","4":"has-post-thumbnail","6":"product_cat-drinks","8":"first","9":"instock","10":"taxable","11":"shipping-taxable","12":"purchasable","13":"product-type-simple"},"_links":{"self":[{"href":"https:\/\/thesweetseria.com\/es\/wp-json\/wp\/v2\/product\/11948","targetHints":{"allow":["GET"]}}],"collection":[{"href":"https:\/\/thesweetseria.com\/es\/wp-json\/wp\/v2\/product"}],"about":[{"href":"https:\/\/thesweetseria.com\/es\/wp-json\/wp\/v2\/types\/product"}],"replies":[{"embeddable":true,"href":"https:\/\/thesweetseria.com\/es\/wp-json\/wp\/v2\/comments?post=11948"}],"wp:featuredmedia":[{"embeddable":true,"href":"https:\/\/thesweetseria.com\/es\/wp-json\/wp\/v2\/media\/11949"}],"wp:attachment":[{"href":"https:\/\/thesweetseria.com\/es\/wp-json\/wp\/v2\/media?parent=11948"}],"wp:term":[{"taxonomy":"product_cat","embeddable":true,"href":"https:\/\/thesweetseria.com\/es\/wp-json\/wp\/v2\/product_cat?post=11948"},{"taxonomy":"product_tag","embeddable":true,"href":"https:\/\/thesweetseria.com\/es\/wp-json\/wp\/v2\/product_tag?post=11948"}],"curies":[{"name":"wp","href":"https:\/\/api.w.org\/{rel}","templated":true}]}}