{"id":11932,"date":"2025-04-25T09:36:58","date_gmt":"2025-04-25T09:36:58","guid":{"rendered":"https:\/\/thesweetseria.com\/?post_type=product&#038;p=11932"},"modified":"2026-03-05T16:52:10","modified_gmt":"2026-03-05T16:52:10","slug":"gupperz-sour-squirt-grenades-90g","status":"publish","type":"product","link":"https:\/\/thesweetseria.com\/es\/producto\/gupperz-sour-squirt-grenades-90g\/","title":{"rendered":"Gupperz Sour Squirt Grenades 90g"},"content":{"rendered":"","protected":false},"excerpt":{"rendered":"<p>Disfruta de una explosi\u00f3n de dulzura \u00e1cida con Gupperz Sour Squirt Grenade. Nuestra gominola est\u00e1 repleta de jugoso y \u00e1cido sabor a manzana que dejar\u00e1 a tus papilas gustativas con ganas de m\u00e1s. Experimenta el equilibrio perfecto entre \u00e1cido y dulce en cada bocado.<\/p>","protected":false},"featured_media":11933,"comment_status":"open","ping_status":"closed","template":"","meta":{"nf_dc_page":"","inline_featured_image":false},"product_cat":[108],"product_tag":[],"class_list":{"0":"post-11932","1":"product","2":"type-product","3":"status-publish","4":"has-post-thumbnail","6":"product_cat-candies","8":"first","9":"instock","10":"taxable","11":"shipping-taxable","12":"purchasable","13":"product-type-simple"},"_links":{"self":[{"href":"https:\/\/thesweetseria.com\/es\/wp-json\/wp\/v2\/product\/11932","targetHints":{"allow":["GET"]}}],"collection":[{"href":"https:\/\/thesweetseria.com\/es\/wp-json\/wp\/v2\/product"}],"about":[{"href":"https:\/\/thesweetseria.com\/es\/wp-json\/wp\/v2\/types\/product"}],"replies":[{"embeddable":true,"href":"https:\/\/thesweetseria.com\/es\/wp-json\/wp\/v2\/comments?post=11932"}],"wp:featuredmedia":[{"embeddable":true,"href":"https:\/\/thesweetseria.com\/es\/wp-json\/wp\/v2\/media\/11933"}],"wp:attachment":[{"href":"https:\/\/thesweetseria.com\/es\/wp-json\/wp\/v2\/media?parent=11932"}],"wp:term":[{"taxonomy":"product_cat","embeddable":true,"href":"https:\/\/thesweetseria.com\/es\/wp-json\/wp\/v2\/product_cat?post=11932"},{"taxonomy":"product_tag","embeddable":true,"href":"https:\/\/thesweetseria.com\/es\/wp-json\/wp\/v2\/product_tag?post=11932"}],"curies":[{"name":"wp","href":"https:\/\/api.w.org\/{rel}","templated":true}]}}