{"id":11923,"date":"2025-04-25T09:30:08","date_gmt":"2025-04-25T09:30:08","guid":{"rendered":"https:\/\/thesweetseria.com\/?post_type=product&#038;p=11923"},"modified":"2025-12-22T12:03:59","modified_gmt":"2025-12-22T12:03:59","slug":"coca-cola-orange-cream-355ml","status":"publish","type":"product","link":"https:\/\/thesweetseria.com\/es\/producto\/coca-cola-orange-cream-355ml\/","title":{"rendered":"Coca Cola Orange Cream 355ml"},"content":{"rendered":"","protected":false},"excerpt":{"rendered":"<p>Coca-Cola Orange Cream es una lata de 355 ml de una bebida gaseosa que combina el sabor cl\u00e1sico de Coca-Cola con una explosi\u00f3n de naranja y cremosos sabores a vainilla. Se describe como un giro refrescante de un cl\u00e1sico, que ofrece una experiencia cremosa y efervescente que recuerda a un helado de naranja al estilo de las fuentes de soda.<\/p>","protected":false},"featured_media":11925,"comment_status":"open","ping_status":"closed","template":"","meta":{"nf_dc_page":"","inline_featured_image":false},"product_cat":[90],"product_tag":[],"class_list":{"0":"post-11923","1":"product","2":"type-product","3":"status-publish","4":"has-post-thumbnail","6":"product_cat-drinks","8":"first","9":"instock","10":"taxable","11":"shipping-taxable","12":"purchasable","13":"product-type-simple"},"_links":{"self":[{"href":"https:\/\/thesweetseria.com\/es\/wp-json\/wp\/v2\/product\/11923","targetHints":{"allow":["GET"]}}],"collection":[{"href":"https:\/\/thesweetseria.com\/es\/wp-json\/wp\/v2\/product"}],"about":[{"href":"https:\/\/thesweetseria.com\/es\/wp-json\/wp\/v2\/types\/product"}],"replies":[{"embeddable":true,"href":"https:\/\/thesweetseria.com\/es\/wp-json\/wp\/v2\/comments?post=11923"}],"wp:featuredmedia":[{"embeddable":true,"href":"https:\/\/thesweetseria.com\/es\/wp-json\/wp\/v2\/media\/11925"}],"wp:attachment":[{"href":"https:\/\/thesweetseria.com\/es\/wp-json\/wp\/v2\/media?parent=11923"}],"wp:term":[{"taxonomy":"product_cat","embeddable":true,"href":"https:\/\/thesweetseria.com\/es\/wp-json\/wp\/v2\/product_cat?post=11923"},{"taxonomy":"product_tag","embeddable":true,"href":"https:\/\/thesweetseria.com\/es\/wp-json\/wp\/v2\/product_tag?post=11923"}],"curies":[{"name":"wp","href":"https:\/\/api.w.org\/{rel}","templated":true}]}}