{"id":11921,"date":"2025-04-25T09:14:56","date_gmt":"2025-04-25T09:14:56","guid":{"rendered":"https:\/\/thesweetseria.com\/?post_type=product&#038;p=11921"},"modified":"2025-08-06T17:35:50","modified_gmt":"2025-08-06T17:35:50","slug":"cheez-it-original-198g","status":"publish","type":"product","link":"https:\/\/thesweetseria.com\/es\/producto\/cheez-it-original-198g\/","title":{"rendered":"Cheez IT Original 198g"},"content":{"rendered":"","protected":false},"excerpt":{"rendered":"<p>La cl\u00e1sica forma cuadrada con unos bordes r\u00edgidos \u00fanicos y un agujero en el centro: es un snack horneado que adoran millones de personas. \u00bfPor qu\u00e9? Porque son aut\u00e9nticos, \u00a1sobre todo el queso! Son un b\u00e1sico en cualquier hogar que adore los aperitivos con queso.<\/p>","protected":false},"featured_media":11922,"comment_status":"open","ping_status":"closed","template":"","meta":{"nf_dc_page":"","inline_featured_image":false},"product_cat":[107],"product_tag":[],"class_list":{"0":"post-11921","1":"product","2":"type-product","3":"status-publish","4":"has-post-thumbnail","6":"product_cat-salty-snacks","8":"first","9":"outofstock","10":"taxable","11":"shipping-taxable","12":"purchasable","13":"product-type-simple"},"_links":{"self":[{"href":"https:\/\/thesweetseria.com\/es\/wp-json\/wp\/v2\/product\/11921","targetHints":{"allow":["GET"]}}],"collection":[{"href":"https:\/\/thesweetseria.com\/es\/wp-json\/wp\/v2\/product"}],"about":[{"href":"https:\/\/thesweetseria.com\/es\/wp-json\/wp\/v2\/types\/product"}],"replies":[{"embeddable":true,"href":"https:\/\/thesweetseria.com\/es\/wp-json\/wp\/v2\/comments?post=11921"}],"wp:featuredmedia":[{"embeddable":true,"href":"https:\/\/thesweetseria.com\/es\/wp-json\/wp\/v2\/media\/11922"}],"wp:attachment":[{"href":"https:\/\/thesweetseria.com\/es\/wp-json\/wp\/v2\/media?parent=11921"}],"wp:term":[{"taxonomy":"product_cat","embeddable":true,"href":"https:\/\/thesweetseria.com\/es\/wp-json\/wp\/v2\/product_cat?post=11921"},{"taxonomy":"product_tag","embeddable":true,"href":"https:\/\/thesweetseria.com\/es\/wp-json\/wp\/v2\/product_tag?post=11921"}],"curies":[{"name":"wp","href":"https:\/\/api.w.org\/{rel}","templated":true}]}}