{"id":11916,"date":"2025-04-25T09:08:03","date_gmt":"2025-04-25T09:08:03","guid":{"rendered":"https:\/\/thesweetseria.com\/?post_type=product&#038;p=11916"},"modified":"2026-03-27T12:48:08","modified_gmt":"2026-03-27T12:48:08","slug":"bubs-strawberry-vanilla-90g","status":"publish","type":"product","link":"https:\/\/thesweetseria.com\/es\/producto\/bubs-strawberry-vanilla-90g\/","title":{"rendered":"BUBS Strawberry Vanilla 90g"},"content":{"rendered":"","protected":false},"excerpt":{"rendered":"<p>\u00a1Estos caramelos Bubs son \u00e1cidos!\nEste caramelo sueco es suave, tierno y masticable. Es un caramelo \u00e1cido lleno del sabor \u00e1cido de las fresas frescas y un toque de nata. Con cada bocado, Bub's Candy har\u00e1 m\u00e1s que cosquillas a sus papilas gustativas, ofreci\u00e9ndole una experiencia de caramelo masticable, sabrosa e inolvidable.<\/p>","protected":false},"featured_media":11917,"comment_status":"open","ping_status":"closed","template":"","meta":{"nf_dc_page":"","inline_featured_image":false},"product_cat":[108],"product_tag":[],"class_list":{"0":"post-11916","1":"product","2":"type-product","3":"status-publish","4":"has-post-thumbnail","6":"product_cat-candies","8":"first","9":"instock","10":"taxable","11":"shipping-taxable","12":"purchasable","13":"product-type-simple"},"_links":{"self":[{"href":"https:\/\/thesweetseria.com\/es\/wp-json\/wp\/v2\/product\/11916","targetHints":{"allow":["GET"]}}],"collection":[{"href":"https:\/\/thesweetseria.com\/es\/wp-json\/wp\/v2\/product"}],"about":[{"href":"https:\/\/thesweetseria.com\/es\/wp-json\/wp\/v2\/types\/product"}],"replies":[{"embeddable":true,"href":"https:\/\/thesweetseria.com\/es\/wp-json\/wp\/v2\/comments?post=11916"}],"wp:featuredmedia":[{"embeddable":true,"href":"https:\/\/thesweetseria.com\/es\/wp-json\/wp\/v2\/media\/11917"}],"wp:attachment":[{"href":"https:\/\/thesweetseria.com\/es\/wp-json\/wp\/v2\/media?parent=11916"}],"wp:term":[{"taxonomy":"product_cat","embeddable":true,"href":"https:\/\/thesweetseria.com\/es\/wp-json\/wp\/v2\/product_cat?post=11916"},{"taxonomy":"product_tag","embeddable":true,"href":"https:\/\/thesweetseria.com\/es\/wp-json\/wp\/v2\/product_tag?post=11916"}],"curies":[{"name":"wp","href":"https:\/\/api.w.org\/{rel}","templated":true}]}}