{"id":11909,"date":"2025-04-24T09:55:43","date_gmt":"2025-04-24T09:55:43","guid":{"rendered":"https:\/\/thesweetseria.com\/?post_type=product&#038;p=11909"},"modified":"2025-10-07T00:05:20","modified_gmt":"2025-10-07T00:05:20","slug":"wangzai-qq-gummy-candy-peach-70g","status":"publish","type":"product","link":"https:\/\/thesweetseria.com\/es\/producto\/wangzai-qq-gummy-candy-peach-70g\/","title":{"rendered":"Wangzai QQ Gummy Candy Peach 70g"},"content":{"rendered":"","protected":false},"excerpt":{"rendered":"<p>Wangzai QQ Gummy Sabor Melocot\u00f3n 70g es un caramelo blando muy popular entre los consumidores. Se elabora con ingredientes de alta calidad. Los caramelos est\u00e1n envueltos individualmente para mantener su frescura, y tienen un peso neto de 70 g, lo que permite disfrutar de ellos en cualquier momento y lugar. En cuanto al sabor, el caramelo ofrece el dulce y refrescante sabor del melocot\u00f3n, adecuado tanto para adultos como para ni\u00f1os. Se recomienda conservar el caramelo en un lugar fresco y seco para mantener su textura y sabor. Es una opci\u00f3n ideal como tentempi\u00e9 diario, para fiestas o para aumentar la energ\u00eda durante los viajes.<\/p>","protected":false},"featured_media":11910,"comment_status":"open","ping_status":"closed","template":"","meta":{"nf_dc_page":"","inline_featured_image":false},"product_cat":[108],"product_tag":[],"class_list":{"0":"post-11909","1":"product","2":"type-product","3":"status-publish","4":"has-post-thumbnail","6":"product_cat-candies","8":"first","9":"instock","10":"taxable","11":"shipping-taxable","12":"purchasable","13":"product-type-simple"},"_links":{"self":[{"href":"https:\/\/thesweetseria.com\/es\/wp-json\/wp\/v2\/product\/11909","targetHints":{"allow":["GET"]}}],"collection":[{"href":"https:\/\/thesweetseria.com\/es\/wp-json\/wp\/v2\/product"}],"about":[{"href":"https:\/\/thesweetseria.com\/es\/wp-json\/wp\/v2\/types\/product"}],"replies":[{"embeddable":true,"href":"https:\/\/thesweetseria.com\/es\/wp-json\/wp\/v2\/comments?post=11909"}],"wp:featuredmedia":[{"embeddable":true,"href":"https:\/\/thesweetseria.com\/es\/wp-json\/wp\/v2\/media\/11910"}],"wp:attachment":[{"href":"https:\/\/thesweetseria.com\/es\/wp-json\/wp\/v2\/media?parent=11909"}],"wp:term":[{"taxonomy":"product_cat","embeddable":true,"href":"https:\/\/thesweetseria.com\/es\/wp-json\/wp\/v2\/product_cat?post=11909"},{"taxonomy":"product_tag","embeddable":true,"href":"https:\/\/thesweetseria.com\/es\/wp-json\/wp\/v2\/product_tag?post=11909"}],"curies":[{"name":"wp","href":"https:\/\/api.w.org\/{rel}","templated":true}]}}