{"id":11895,"date":"2025-04-24T09:45:04","date_gmt":"2025-04-24T09:45:04","guid":{"rendered":"https:\/\/thesweetseria.com\/?post_type=product&#038;p=11895"},"modified":"2025-10-06T22:14:10","modified_gmt":"2025-10-06T22:14:10","slug":"china-lays-waves-tomato-70g","status":"publish","type":"product","link":"https:\/\/thesweetseria.com\/es\/producto\/china-lays-waves-tomato-70g\/","title":{"rendered":"China Lays Waves Tomato 70g"},"content":{"rendered":"","protected":false},"excerpt":{"rendered":"<p>Experimenta la ex\u00f3tica mezcla de Lay's Tomato de China. Una delicia crujiente con sabor a tomate para una experiencia \u00fanica y satisfactoria. Del\u00e9itate con esta explosi\u00f3n de sabor.<\/p>","protected":false},"featured_media":11896,"comment_status":"open","ping_status":"closed","template":"","meta":{"nf_dc_page":"","inline_featured_image":false},"product_cat":[107],"product_tag":[],"class_list":{"0":"post-11895","1":"product","2":"type-product","3":"status-publish","4":"has-post-thumbnail","6":"product_cat-salty-snacks","8":"first","9":"instock","10":"taxable","11":"shipping-taxable","12":"purchasable","13":"product-type-simple"},"_links":{"self":[{"href":"https:\/\/thesweetseria.com\/es\/wp-json\/wp\/v2\/product\/11895","targetHints":{"allow":["GET"]}}],"collection":[{"href":"https:\/\/thesweetseria.com\/es\/wp-json\/wp\/v2\/product"}],"about":[{"href":"https:\/\/thesweetseria.com\/es\/wp-json\/wp\/v2\/types\/product"}],"replies":[{"embeddable":true,"href":"https:\/\/thesweetseria.com\/es\/wp-json\/wp\/v2\/comments?post=11895"}],"wp:featuredmedia":[{"embeddable":true,"href":"https:\/\/thesweetseria.com\/es\/wp-json\/wp\/v2\/media\/11896"}],"wp:attachment":[{"href":"https:\/\/thesweetseria.com\/es\/wp-json\/wp\/v2\/media?parent=11895"}],"wp:term":[{"taxonomy":"product_cat","embeddable":true,"href":"https:\/\/thesweetseria.com\/es\/wp-json\/wp\/v2\/product_cat?post=11895"},{"taxonomy":"product_tag","embeddable":true,"href":"https:\/\/thesweetseria.com\/es\/wp-json\/wp\/v2\/product_tag?post=11895"}],"curies":[{"name":"wp","href":"https:\/\/api.w.org\/{rel}","templated":true}]}}