{"id":11866,"date":"2025-03-06T21:00:19","date_gmt":"2025-03-06T21:00:19","guid":{"rendered":"https:\/\/thesweetseria.com\/?post_type=product&#038;p=11866"},"modified":"2026-01-15T12:52:45","modified_gmt":"2026-01-15T12:52:45","slug":"china-chips-ahoy-crispy-cookies-chocolate-flavour-84g","status":"publish","type":"product","link":"https:\/\/thesweetseria.com\/es\/producto\/china-chips-ahoy-crispy-cookies-chocolate-flavour-84g\/","title":{"rendered":"China Chips Ahoy Chunky With Milk Chocolate Chips 85g"},"content":{"rendered":"","protected":false},"excerpt":{"rendered":"<p>Descubra la combinaci\u00f3n perfecta de textura crujiente y rico sabor con nuestras galletas de chocolate fuerte Chips Ahoy Crispy. Esta galleta de chocolate amargo ser\u00e1 un aut\u00e9ntico descubrimiento para todos los aficionados a las golosinas de chocolate. Cada trozo ofrece una explosi\u00f3n de aut\u00e9ntico sabor a chocolate que satisfar\u00e1 incluso a los m\u00e1s exigentes conocedores de dulces.<\/p>","protected":false},"featured_media":11867,"comment_status":"open","ping_status":"closed","template":"","meta":{"nf_dc_page":"","inline_featured_image":false},"product_cat":[15],"product_tag":[],"class_list":{"0":"post-11866","1":"product","2":"type-product","3":"status-publish","4":"has-post-thumbnail","6":"product_cat-chocolate","8":"first","9":"instock","10":"taxable","11":"shipping-taxable","12":"purchasable","13":"product-type-simple"},"_links":{"self":[{"href":"https:\/\/thesweetseria.com\/es\/wp-json\/wp\/v2\/product\/11866","targetHints":{"allow":["GET"]}}],"collection":[{"href":"https:\/\/thesweetseria.com\/es\/wp-json\/wp\/v2\/product"}],"about":[{"href":"https:\/\/thesweetseria.com\/es\/wp-json\/wp\/v2\/types\/product"}],"replies":[{"embeddable":true,"href":"https:\/\/thesweetseria.com\/es\/wp-json\/wp\/v2\/comments?post=11866"}],"wp:featuredmedia":[{"embeddable":true,"href":"https:\/\/thesweetseria.com\/es\/wp-json\/wp\/v2\/media\/11867"}],"wp:attachment":[{"href":"https:\/\/thesweetseria.com\/es\/wp-json\/wp\/v2\/media?parent=11866"}],"wp:term":[{"taxonomy":"product_cat","embeddable":true,"href":"https:\/\/thesweetseria.com\/es\/wp-json\/wp\/v2\/product_cat?post=11866"},{"taxonomy":"product_tag","embeddable":true,"href":"https:\/\/thesweetseria.com\/es\/wp-json\/wp\/v2\/product_tag?post=11866"}],"curies":[{"name":"wp","href":"https:\/\/api.w.org\/{rel}","templated":true}]}}