{"id":11839,"date":"2025-02-18T13:37:40","date_gmt":"2025-02-18T13:37:40","guid":{"rendered":"https:\/\/thesweetseria.com\/?post_type=product&#038;p=11839"},"modified":"2025-10-06T22:26:59","modified_gmt":"2025-10-06T22:26:59","slug":"china-oreo-mini-cocoa-chips-crispy-biscuit-peach-40g","status":"publish","type":"product","link":"https:\/\/thesweetseria.com\/es\/producto\/china-oreo-mini-cocoa-chips-crispy-biscuit-peach-40g\/","title":{"rendered":"China Oreo Mini Cocoa Chips Crispy Biscuit Peach 40g"},"content":{"rendered":"","protected":false},"excerpt":{"rendered":"<p>Oreo Mini Cocoa Crispy Biscuit Sabor Melocot\u00f3n 40g. Del\u00e9itese con la deliciosa combinaci\u00f3n de cacao, galletas crujientes y dulce sabor a melocot\u00f3n de Oreo Mini Cocoa Crispy Biscuit. Con cada paquete de 40 g, disfrutar\u00e1 de un equilibrio perfecto de sabor y textura. Satisfaga su paladar con esta irresistible golosina.<\/p>","protected":false},"featured_media":11840,"comment_status":"open","ping_status":"closed","template":"","meta":{"nf_dc_page":"","inline_featured_image":false},"product_cat":[15],"product_tag":[],"class_list":{"0":"post-11839","1":"product","2":"type-product","3":"status-publish","4":"has-post-thumbnail","6":"product_cat-chocolate","8":"first","9":"instock","10":"taxable","11":"shipping-taxable","12":"purchasable","13":"product-type-simple"},"_links":{"self":[{"href":"https:\/\/thesweetseria.com\/es\/wp-json\/wp\/v2\/product\/11839","targetHints":{"allow":["GET"]}}],"collection":[{"href":"https:\/\/thesweetseria.com\/es\/wp-json\/wp\/v2\/product"}],"about":[{"href":"https:\/\/thesweetseria.com\/es\/wp-json\/wp\/v2\/types\/product"}],"replies":[{"embeddable":true,"href":"https:\/\/thesweetseria.com\/es\/wp-json\/wp\/v2\/comments?post=11839"}],"wp:featuredmedia":[{"embeddable":true,"href":"https:\/\/thesweetseria.com\/es\/wp-json\/wp\/v2\/media\/11840"}],"wp:attachment":[{"href":"https:\/\/thesweetseria.com\/es\/wp-json\/wp\/v2\/media?parent=11839"}],"wp:term":[{"taxonomy":"product_cat","embeddable":true,"href":"https:\/\/thesweetseria.com\/es\/wp-json\/wp\/v2\/product_cat?post=11839"},{"taxonomy":"product_tag","embeddable":true,"href":"https:\/\/thesweetseria.com\/es\/wp-json\/wp\/v2\/product_tag?post=11839"}],"curies":[{"name":"wp","href":"https:\/\/api.w.org\/{rel}","templated":true}]}}