{"id":11822,"date":"2025-02-18T13:23:39","date_gmt":"2025-02-18T13:23:39","guid":{"rendered":"https:\/\/thesweetseria.com\/?post_type=product&#038;p=11822"},"modified":"2026-03-12T16:10:09","modified_gmt":"2026-03-12T16:10:09","slug":"china-cheetos-ultraman-american-turkey-90g","status":"publish","type":"product","link":"https:\/\/thesweetseria.com\/es\/producto\/china-cheetos-ultraman-american-turkey-90g\/","title":{"rendered":"China Cheetos Ultraman American Turkey 90g"},"content":{"rendered":"","protected":false},"excerpt":{"rendered":"<p>Cada snack Cheetos American Turkey est\u00e1 repleto de sabrosos condimentos y especias, incluido el delicioso sabor del pavo asado, el relleno y la salsa de ar\u00e1ndanos. Con cada bocado, te transportar\u00e1s a un acogedor y reconfortante banquete de Acci\u00f3n de Gracias.<\/p>","protected":false},"featured_media":11823,"comment_status":"open","ping_status":"closed","template":"","meta":{"nf_dc_page":"","inline_featured_image":false},"product_cat":[107],"product_tag":[],"class_list":{"0":"post-11822","1":"product","2":"type-product","3":"status-publish","4":"has-post-thumbnail","6":"product_cat-salty-snacks","8":"first","9":"instock","10":"taxable","11":"shipping-taxable","12":"purchasable","13":"product-type-simple"},"_links":{"self":[{"href":"https:\/\/thesweetseria.com\/es\/wp-json\/wp\/v2\/product\/11822","targetHints":{"allow":["GET"]}}],"collection":[{"href":"https:\/\/thesweetseria.com\/es\/wp-json\/wp\/v2\/product"}],"about":[{"href":"https:\/\/thesweetseria.com\/es\/wp-json\/wp\/v2\/types\/product"}],"replies":[{"embeddable":true,"href":"https:\/\/thesweetseria.com\/es\/wp-json\/wp\/v2\/comments?post=11822"}],"wp:featuredmedia":[{"embeddable":true,"href":"https:\/\/thesweetseria.com\/es\/wp-json\/wp\/v2\/media\/11823"}],"wp:attachment":[{"href":"https:\/\/thesweetseria.com\/es\/wp-json\/wp\/v2\/media?parent=11822"}],"wp:term":[{"taxonomy":"product_cat","embeddable":true,"href":"https:\/\/thesweetseria.com\/es\/wp-json\/wp\/v2\/product_cat?post=11822"},{"taxonomy":"product_tag","embeddable":true,"href":"https:\/\/thesweetseria.com\/es\/wp-json\/wp\/v2\/product_tag?post=11822"}],"curies":[{"name":"wp","href":"https:\/\/api.w.org\/{rel}","templated":true}]}}