{"id":11804,"date":"2025-01-28T19:21:20","date_gmt":"2025-01-28T19:21:20","guid":{"rendered":"https:\/\/thesweetseria.com\/?post_type=product&#038;p=11804"},"modified":"2026-04-24T12:57:03","modified_gmt":"2026-04-24T12:57:03","slug":"tic-tac-chewy-sour-adventure-79g","status":"publish","type":"product","link":"https:\/\/thesweetseria.com\/es\/producto\/tic-tac-chewy-sour-adventure-79g\/","title":{"rendered":"Tic Tac Chewy Sour Adventure 79g"},"content":{"rendered":"","protected":false},"excerpt":{"rendered":"<p>\u00a1Tic Tac\u00ae Chewy! Sour Adventure, un nuevo y sabroso caramelo afrutado con forma de Tic Tac\u00ae que aporta un poco de diversi\u00f3n afrutada y \u00e1cida a tu d\u00eda. Caracterizado por una doble textura \u00fanica, Tic Tac\u00ae Chewy! tiene una primera capa puramente crujiente, seguida de un centro afrutado, \u00e1cido y masticable deliciosamente intenso. \n\u00a1Tic Tac\u00ae Chewy! Sour Adventure mezcla naranja, uva, lim\u00f3n, manzana y cereza para deleitar su paladar con una mezcla \u00e1cida y picante.<\/p>","protected":false},"featured_media":11805,"comment_status":"open","ping_status":"closed","template":"","meta":{"nf_dc_page":"","inline_featured_image":false},"product_cat":[108],"product_tag":[],"class_list":{"0":"post-11804","1":"product","2":"type-product","3":"status-publish","4":"has-post-thumbnail","6":"product_cat-candies","8":"first","9":"instock","10":"taxable","11":"shipping-taxable","12":"purchasable","13":"product-type-simple"},"_links":{"self":[{"href":"https:\/\/thesweetseria.com\/es\/wp-json\/wp\/v2\/product\/11804","targetHints":{"allow":["GET"]}}],"collection":[{"href":"https:\/\/thesweetseria.com\/es\/wp-json\/wp\/v2\/product"}],"about":[{"href":"https:\/\/thesweetseria.com\/es\/wp-json\/wp\/v2\/types\/product"}],"replies":[{"embeddable":true,"href":"https:\/\/thesweetseria.com\/es\/wp-json\/wp\/v2\/comments?post=11804"}],"wp:featuredmedia":[{"embeddable":true,"href":"https:\/\/thesweetseria.com\/es\/wp-json\/wp\/v2\/media\/11805"}],"wp:attachment":[{"href":"https:\/\/thesweetseria.com\/es\/wp-json\/wp\/v2\/media?parent=11804"}],"wp:term":[{"taxonomy":"product_cat","embeddable":true,"href":"https:\/\/thesweetseria.com\/es\/wp-json\/wp\/v2\/product_cat?post=11804"},{"taxonomy":"product_tag","embeddable":true,"href":"https:\/\/thesweetseria.com\/es\/wp-json\/wp\/v2\/product_tag?post=11804"}],"curies":[{"name":"wp","href":"https:\/\/api.w.org\/{rel}","templated":true}]}}