{"id":11802,"date":"2025-01-28T19:19:33","date_gmt":"2025-01-28T19:19:33","guid":{"rendered":"https:\/\/thesweetseria.com\/?post_type=product&#038;p=11802"},"modified":"2026-01-13T18:36:08","modified_gmt":"2026-01-13T18:36:08","slug":"tic-tac-chewy-fruit-adventure-79g","status":"publish","type":"product","link":"https:\/\/thesweetseria.com\/es\/producto\/tic-tac-chewy-fruit-adventure-79g\/","title":{"rendered":"Tic Tac Chewy Fruit Adventure 79g"},"content":{"rendered":"","protected":false},"excerpt":{"rendered":"<p>Tic Tac\u00ae Chewy!, un nuevo y sabroso caramelo afrutado con forma de Tic Tac\u00ae que aporta un poco de diversi\u00f3n afrutada a tu d\u00eda. Caracterizado por una doble textura \u00fanica, Tic Tac\u00ae Chewy! tiene una primera capa puramente crujiente, seguida de un centro afrutado y masticable deliciosamente intenso. \nDel\u00e9itese con nuestras deliciosas bolsas mixtas de 5 aut\u00e9nticos sabores afrutados: naranja, uva, lim\u00f3n, manzana y cereza. Todos elaborados con colorantes de origen natural.<\/p>","protected":false},"featured_media":11803,"comment_status":"open","ping_status":"closed","template":"","meta":{"nf_dc_page":"","inline_featured_image":false},"product_cat":[108],"product_tag":[],"class_list":{"0":"post-11802","1":"product","2":"type-product","3":"status-publish","4":"has-post-thumbnail","6":"product_cat-candies","8":"first","9":"instock","10":"taxable","11":"shipping-taxable","12":"purchasable","13":"product-type-simple"},"_links":{"self":[{"href":"https:\/\/thesweetseria.com\/es\/wp-json\/wp\/v2\/product\/11802","targetHints":{"allow":["GET"]}}],"collection":[{"href":"https:\/\/thesweetseria.com\/es\/wp-json\/wp\/v2\/product"}],"about":[{"href":"https:\/\/thesweetseria.com\/es\/wp-json\/wp\/v2\/types\/product"}],"replies":[{"embeddable":true,"href":"https:\/\/thesweetseria.com\/es\/wp-json\/wp\/v2\/comments?post=11802"}],"wp:featuredmedia":[{"embeddable":true,"href":"https:\/\/thesweetseria.com\/es\/wp-json\/wp\/v2\/media\/11803"}],"wp:attachment":[{"href":"https:\/\/thesweetseria.com\/es\/wp-json\/wp\/v2\/media?parent=11802"}],"wp:term":[{"taxonomy":"product_cat","embeddable":true,"href":"https:\/\/thesweetseria.com\/es\/wp-json\/wp\/v2\/product_cat?post=11802"},{"taxonomy":"product_tag","embeddable":true,"href":"https:\/\/thesweetseria.com\/es\/wp-json\/wp\/v2\/product_tag?post=11802"}],"curies":[{"name":"wp","href":"https:\/\/api.w.org\/{rel}","templated":true}]}}