{"id":11800,"date":"2025-01-28T19:17:55","date_gmt":"2025-01-28T19:17:55","guid":{"rendered":"https:\/\/thesweetseria.com\/?post_type=product&#038;p=11800"},"modified":"2025-08-20T16:36:23","modified_gmt":"2025-08-20T16:36:23","slug":"jarritos-spicy-pops-12g","status":"publish","type":"product","link":"https:\/\/thesweetseria.com\/es\/producto\/jarritos-spicy-pops-12g\/","title":{"rendered":"Jarritos Spicy Pops 12g"},"content":{"rendered":"","protected":false},"excerpt":{"rendered":"<p>Experimenta una explosi\u00f3n de sabores tropicales con nuestra mezcla de Jarritos Spicy Pops. Hechas con aut\u00e9ntico tamarindo, pi\u00f1a y mango, cada paleta tiene un toque picante que despertar\u00e1 tus papilas gustativas.<\/p>","protected":false},"featured_media":11801,"comment_status":"open","ping_status":"closed","template":"","meta":{"nf_dc_page":"","inline_featured_image":false},"product_cat":[108],"product_tag":[],"class_list":{"0":"post-11800","1":"product","2":"type-product","3":"status-publish","4":"has-post-thumbnail","6":"product_cat-candies","8":"first","9":"instock","10":"taxable","11":"shipping-taxable","12":"purchasable","13":"product-type-simple"},"_links":{"self":[{"href":"https:\/\/thesweetseria.com\/es\/wp-json\/wp\/v2\/product\/11800","targetHints":{"allow":["GET"]}}],"collection":[{"href":"https:\/\/thesweetseria.com\/es\/wp-json\/wp\/v2\/product"}],"about":[{"href":"https:\/\/thesweetseria.com\/es\/wp-json\/wp\/v2\/types\/product"}],"replies":[{"embeddable":true,"href":"https:\/\/thesweetseria.com\/es\/wp-json\/wp\/v2\/comments?post=11800"}],"wp:featuredmedia":[{"embeddable":true,"href":"https:\/\/thesweetseria.com\/es\/wp-json\/wp\/v2\/media\/11801"}],"wp:attachment":[{"href":"https:\/\/thesweetseria.com\/es\/wp-json\/wp\/v2\/media?parent=11800"}],"wp:term":[{"taxonomy":"product_cat","embeddable":true,"href":"https:\/\/thesweetseria.com\/es\/wp-json\/wp\/v2\/product_cat?post=11800"},{"taxonomy":"product_tag","embeddable":true,"href":"https:\/\/thesweetseria.com\/es\/wp-json\/wp\/v2\/product_tag?post=11800"}],"curies":[{"name":"wp","href":"https:\/\/api.w.org\/{rel}","templated":true}]}}