{"id":11792,"date":"2025-01-28T19:10:07","date_gmt":"2025-01-28T19:10:07","guid":{"rendered":"https:\/\/thesweetseria.com\/?post_type=product&#038;p=11792"},"modified":"2026-04-15T11:31:19","modified_gmt":"2026-04-15T11:31:19","slug":"japan-fanta-white-peach-500ml-can","status":"publish","type":"product","link":"https:\/\/thesweetseria.com\/es\/producto\/japan-fanta-white-peach-500ml-can\/","title":{"rendered":"Japan Fanta White Peach 500ml Can"},"content":{"rendered":"","protected":false},"excerpt":{"rendered":"<p>El sabor m\u00e1s popular de la Fanta japonesa POR FIN EST\u00c1 AQU\u00cd y en formato de lata delgada. Se trata de una edici\u00f3n de Fanta dif\u00edcil de conseguir que tiene un sabor muy diferente al de la Fanta de melocot\u00f3n normal. Es un sabor exclusivo de Jap\u00f3n. El refresco tiene un color blanco turbio y un aroma y sabor a melocot\u00f3n muy agradables.<\/p>","protected":false},"featured_media":11794,"comment_status":"open","ping_status":"closed","template":"","meta":{"nf_dc_page":"","inline_featured_image":false},"product_cat":[90],"product_tag":[],"class_list":{"0":"post-11792","1":"product","2":"type-product","3":"status-publish","4":"has-post-thumbnail","6":"product_cat-drinks","8":"first","9":"instock","10":"taxable","11":"shipping-taxable","12":"purchasable","13":"product-type-simple"},"_links":{"self":[{"href":"https:\/\/thesweetseria.com\/es\/wp-json\/wp\/v2\/product\/11792","targetHints":{"allow":["GET"]}}],"collection":[{"href":"https:\/\/thesweetseria.com\/es\/wp-json\/wp\/v2\/product"}],"about":[{"href":"https:\/\/thesweetseria.com\/es\/wp-json\/wp\/v2\/types\/product"}],"replies":[{"embeddable":true,"href":"https:\/\/thesweetseria.com\/es\/wp-json\/wp\/v2\/comments?post=11792"}],"wp:featuredmedia":[{"embeddable":true,"href":"https:\/\/thesweetseria.com\/es\/wp-json\/wp\/v2\/media\/11794"}],"wp:attachment":[{"href":"https:\/\/thesweetseria.com\/es\/wp-json\/wp\/v2\/media?parent=11792"}],"wp:term":[{"taxonomy":"product_cat","embeddable":true,"href":"https:\/\/thesweetseria.com\/es\/wp-json\/wp\/v2\/product_cat?post=11792"},{"taxonomy":"product_tag","embeddable":true,"href":"https:\/\/thesweetseria.com\/es\/wp-json\/wp\/v2\/product_tag?post=11792"}],"curies":[{"name":"wp","href":"https:\/\/api.w.org\/{rel}","templated":true}]}}