{"id":11784,"date":"2025-01-28T16:03:02","date_gmt":"2025-01-28T16:03:02","guid":{"rendered":"https:\/\/thesweetseria.com\/?post_type=product&#038;p=11784"},"modified":"2025-12-17T12:15:31","modified_gmt":"2025-12-17T12:15:31","slug":"china-skittles-flower-and-fruit-40g","status":"publish","type":"product","link":"https:\/\/thesweetseria.com\/es\/producto\/china-skittles-flower-and-fruit-40g\/","title":{"rendered":"China Skittles Flower and Fruit 40g"},"content":{"rendered":"","protected":false},"excerpt":{"rendered":"<p>\u00a1Experimenta el ex\u00f3tico sabor de China con los Skittles Flor y Fruta! Una mezcla deliciosa y \u00fanica de rosa y uva, rosa y melocot\u00f3n, rosa y lichi, jazm\u00edn y pomelo, jazm\u00edn y maracuy\u00e1. Colorido, con la famosa textura de caramelo Skittles que tanto te gusta, \u00a1este caramelo est\u00e1 lleno de nuevos sabores que no debes dejar de probar!<\/p>","protected":false},"featured_media":11785,"comment_status":"open","ping_status":"closed","template":"","meta":{"nf_dc_page":"","inline_featured_image":false},"product_cat":[108],"product_tag":[],"class_list":{"0":"post-11784","1":"product","2":"type-product","3":"status-publish","4":"has-post-thumbnail","6":"product_cat-candies","8":"first","9":"outofstock","10":"taxable","11":"shipping-taxable","12":"purchasable","13":"product-type-simple"},"_links":{"self":[{"href":"https:\/\/thesweetseria.com\/es\/wp-json\/wp\/v2\/product\/11784","targetHints":{"allow":["GET"]}}],"collection":[{"href":"https:\/\/thesweetseria.com\/es\/wp-json\/wp\/v2\/product"}],"about":[{"href":"https:\/\/thesweetseria.com\/es\/wp-json\/wp\/v2\/types\/product"}],"replies":[{"embeddable":true,"href":"https:\/\/thesweetseria.com\/es\/wp-json\/wp\/v2\/comments?post=11784"}],"wp:featuredmedia":[{"embeddable":true,"href":"https:\/\/thesweetseria.com\/es\/wp-json\/wp\/v2\/media\/11785"}],"wp:attachment":[{"href":"https:\/\/thesweetseria.com\/es\/wp-json\/wp\/v2\/media?parent=11784"}],"wp:term":[{"taxonomy":"product_cat","embeddable":true,"href":"https:\/\/thesweetseria.com\/es\/wp-json\/wp\/v2\/product_cat?post=11784"},{"taxonomy":"product_tag","embeddable":true,"href":"https:\/\/thesweetseria.com\/es\/wp-json\/wp\/v2\/product_tag?post=11784"}],"curies":[{"name":"wp","href":"https:\/\/api.w.org\/{rel}","templated":true}]}}