{"id":11782,"date":"2025-01-28T16:02:05","date_gmt":"2025-01-28T16:02:05","guid":{"rendered":"https:\/\/thesweetseria.com\/?post_type=product&#038;p=11782"},"modified":"2026-03-11T12:36:39","modified_gmt":"2026-03-11T12:36:39","slug":"bubble-jug-tropical-fruit-bubble-gum-55g","status":"publish","type":"product","link":"https:\/\/thesweetseria.com\/es\/producto\/bubble-jug-tropical-fruit-bubble-gum-55g\/","title":{"rendered":"Bubble Jug Tropical Fruit Bubble Gum 55g"},"content":{"rendered":"","protected":false},"excerpt":{"rendered":"<p>Bubble Jug - Chicle de Frutas Tropicales es una golosina divertida y sabrosa que aporta el vibrante sabor de las frutas tropicales en un formato \u00fanico y divertido. Envasado en un peque\u00f1o recipiente con forma de jarra, este chicle ofrece una deliciosa explosi\u00f3n de sabores tropicales como pi\u00f1a, mango y fruta de la pasi\u00f3n en cada mascada. La novedad del dise\u00f1o de la jarra a\u00f1ade un extra de diversi\u00f3n, convirti\u00e9ndola en una de las favoritas de los ni\u00f1os y los j\u00f3venes de coraz\u00f3n.\n\nPerfecto para fiestas, para picar sobre la marcha o como golosina nost\u00e1lgica, Bubble Jug - Chicle de Frutas Tropicales ofrece un refrescante giro al chicle tradicional. La jarra compacta es f\u00e1cil de transportar y compartir, lo que garantiza que puedas disfrutar de su sabor afrutado y tropical siempre que te apetezca. Tanto si quieres explotar las burbujas m\u00e1s grandes como si simplemente quieres saborear los jugosos sabores, este chicle te ofrece una forma divertida y deliciosa de satisfacer tu paladar goloso.<\/p>","protected":false},"featured_media":11783,"comment_status":"open","ping_status":"closed","template":"","meta":{"nf_dc_page":"","inline_featured_image":false},"product_cat":[108],"product_tag":[],"class_list":{"0":"post-11782","1":"product","2":"type-product","3":"status-publish","4":"has-post-thumbnail","6":"product_cat-candies","8":"first","9":"instock","10":"taxable","11":"shipping-taxable","12":"purchasable","13":"product-type-simple"},"_links":{"self":[{"href":"https:\/\/thesweetseria.com\/es\/wp-json\/wp\/v2\/product\/11782","targetHints":{"allow":["GET"]}}],"collection":[{"href":"https:\/\/thesweetseria.com\/es\/wp-json\/wp\/v2\/product"}],"about":[{"href":"https:\/\/thesweetseria.com\/es\/wp-json\/wp\/v2\/types\/product"}],"replies":[{"embeddable":true,"href":"https:\/\/thesweetseria.com\/es\/wp-json\/wp\/v2\/comments?post=11782"}],"wp:featuredmedia":[{"embeddable":true,"href":"https:\/\/thesweetseria.com\/es\/wp-json\/wp\/v2\/media\/11783"}],"wp:attachment":[{"href":"https:\/\/thesweetseria.com\/es\/wp-json\/wp\/v2\/media?parent=11782"}],"wp:term":[{"taxonomy":"product_cat","embeddable":true,"href":"https:\/\/thesweetseria.com\/es\/wp-json\/wp\/v2\/product_cat?post=11782"},{"taxonomy":"product_tag","embeddable":true,"href":"https:\/\/thesweetseria.com\/es\/wp-json\/wp\/v2\/product_tag?post=11782"}],"curies":[{"name":"wp","href":"https:\/\/api.w.org\/{rel}","templated":true}]}}