{"id":11778,"date":"2025-01-28T16:00:07","date_gmt":"2025-01-28T16:00:07","guid":{"rendered":"https:\/\/thesweetseria.com\/?post_type=product&#038;p=11778"},"modified":"2026-02-11T12:58:29","modified_gmt":"2026-02-11T12:58:29","slug":"amos-peelerz-gummy-banana-120g","status":"publish","type":"product","link":"https:\/\/thesweetseria.com\/es\/producto\/amos-peelerz-gummy-banana-120g\/","title":{"rendered":"Amos Peelerz Gummy Banana 120g"},"content":{"rendered":"","protected":false},"excerpt":{"rendered":"<p>\u00a1\u00danete al fen\u00f3meno mundial con Amos Peelerz Mango 120g! Estas gominolas pelables se han convertido en la sensaci\u00f3n de TikTok, ganando premios por su irresistible sabor a mango y su innovador dise\u00f1o. Combinan a la perfecci\u00f3n diversi\u00f3n y sabor, y son un \u00e9xito entre ni\u00f1os, adolescentes y adultos por igual.<\/p>","protected":false},"featured_media":12360,"comment_status":"open","ping_status":"closed","template":"","meta":{"nf_dc_page":"","inline_featured_image":false},"product_cat":[108],"product_tag":[],"class_list":{"0":"post-11778","1":"product","2":"type-product","3":"status-publish","4":"has-post-thumbnail","6":"product_cat-candies","8":"first","9":"instock","10":"taxable","11":"shipping-taxable","12":"purchasable","13":"product-type-simple"},"_links":{"self":[{"href":"https:\/\/thesweetseria.com\/es\/wp-json\/wp\/v2\/product\/11778","targetHints":{"allow":["GET"]}}],"collection":[{"href":"https:\/\/thesweetseria.com\/es\/wp-json\/wp\/v2\/product"}],"about":[{"href":"https:\/\/thesweetseria.com\/es\/wp-json\/wp\/v2\/types\/product"}],"replies":[{"embeddable":true,"href":"https:\/\/thesweetseria.com\/es\/wp-json\/wp\/v2\/comments?post=11778"}],"wp:featuredmedia":[{"embeddable":true,"href":"https:\/\/thesweetseria.com\/es\/wp-json\/wp\/v2\/media\/12360"}],"wp:attachment":[{"href":"https:\/\/thesweetseria.com\/es\/wp-json\/wp\/v2\/media?parent=11778"}],"wp:term":[{"taxonomy":"product_cat","embeddable":true,"href":"https:\/\/thesweetseria.com\/es\/wp-json\/wp\/v2\/product_cat?post=11778"},{"taxonomy":"product_tag","embeddable":true,"href":"https:\/\/thesweetseria.com\/es\/wp-json\/wp\/v2\/product_tag?post=11778"}],"curies":[{"name":"wp","href":"https:\/\/api.w.org\/{rel}","templated":true}]}}