{"id":11776,"date":"2025-01-28T15:59:05","date_gmt":"2025-01-28T15:59:05","guid":{"rendered":"https:\/\/thesweetseria.com\/?post_type=product&#038;p=11776"},"modified":"2026-01-15T11:46:35","modified_gmt":"2026-01-15T11:46:35","slug":"amos-peelerz-gummy-banana-65g","status":"publish","type":"product","link":"https:\/\/thesweetseria.com\/es\/producto\/amos-peelerz-gummy-banana-65g\/","title":{"rendered":"Amos Peelerz Gummy Banana 65g"},"content":{"rendered":"","protected":false},"excerpt":{"rendered":"<p>Elaboradas con aut\u00e9ntico zumo de fruta, estas sofisticadas gominolas de pl\u00e1tano est\u00e1n disponibles en sabores que ofrecen una textura suave, un sabor jugoso y afrutado. Este caramelo ofrece un toque juguet\u00f3n para disfrutar de la querida fruta, con su piel exterior \u00fanica que se puede pelar para revelar una capa de gel s\u00f3lido m\u00e1s suave y saltarina.<\/p>","protected":false},"featured_media":11777,"comment_status":"open","ping_status":"closed","template":"","meta":{"nf_dc_page":"","inline_featured_image":false},"product_cat":[108],"product_tag":[],"class_list":{"0":"post-11776","1":"product","2":"type-product","3":"status-publish","4":"has-post-thumbnail","6":"product_cat-candies","8":"first","9":"instock","10":"taxable","11":"shipping-taxable","12":"purchasable","13":"product-type-simple"},"_links":{"self":[{"href":"https:\/\/thesweetseria.com\/es\/wp-json\/wp\/v2\/product\/11776","targetHints":{"allow":["GET"]}}],"collection":[{"href":"https:\/\/thesweetseria.com\/es\/wp-json\/wp\/v2\/product"}],"about":[{"href":"https:\/\/thesweetseria.com\/es\/wp-json\/wp\/v2\/types\/product"}],"replies":[{"embeddable":true,"href":"https:\/\/thesweetseria.com\/es\/wp-json\/wp\/v2\/comments?post=11776"}],"wp:featuredmedia":[{"embeddable":true,"href":"https:\/\/thesweetseria.com\/es\/wp-json\/wp\/v2\/media\/11777"}],"wp:attachment":[{"href":"https:\/\/thesweetseria.com\/es\/wp-json\/wp\/v2\/media?parent=11776"}],"wp:term":[{"taxonomy":"product_cat","embeddable":true,"href":"https:\/\/thesweetseria.com\/es\/wp-json\/wp\/v2\/product_cat?post=11776"},{"taxonomy":"product_tag","embeddable":true,"href":"https:\/\/thesweetseria.com\/es\/wp-json\/wp\/v2\/product_tag?post=11776"}],"curies":[{"name":"wp","href":"https:\/\/api.w.org\/{rel}","templated":true}]}}