{"id":11774,"date":"2025-01-28T15:57:41","date_gmt":"2025-01-28T15:57:41","guid":{"rendered":"https:\/\/thesweetseria.com\/?post_type=product&#038;p=11774"},"modified":"2026-03-11T12:37:54","modified_gmt":"2026-03-11T12:37:54","slug":"amos-4d-building-blocks-gummies-theatre-box-100g","status":"publish","type":"product","link":"https:\/\/thesweetseria.com\/es\/producto\/amos-4d-building-blocks-gummies-theatre-box-100g\/","title":{"rendered":"Amos 4D Building Blocks Gummies theatre box 100g"},"content":{"rendered":"","protected":false},"excerpt":{"rendered":"<p>Estos bloques de construcci\u00f3n de caramelo comestible con sabor a frutas variadas te proporcionar\u00e1n una diversi\u00f3n inimaginable. Coge los bloques de caramelo y crea momentos imaginativos y dulces con tu familia y amigos.\n\nEstos adorables caramelos creativos son perfectos para ni\u00f1os y ni\u00f1os de coraz\u00f3n. Son el regalo ideal para cumplea\u00f1os, fiestas y celebraciones de todo tipo.\n\nExclusivo de Amos. Nuestra receta es limpia, con atributos como ser sin grasa, baja en sodio y sin gluten, atendiendo a varias preferencias diet\u00e9ticas.<\/p>","protected":false},"featured_media":11775,"comment_status":"open","ping_status":"closed","template":"","meta":{"nf_dc_page":"","inline_featured_image":false},"product_cat":[108],"product_tag":[],"class_list":{"0":"post-11774","1":"product","2":"type-product","3":"status-publish","4":"has-post-thumbnail","6":"product_cat-candies","8":"first","9":"instock","10":"taxable","11":"shipping-taxable","12":"purchasable","13":"product-type-simple"},"_links":{"self":[{"href":"https:\/\/thesweetseria.com\/es\/wp-json\/wp\/v2\/product\/11774","targetHints":{"allow":["GET"]}}],"collection":[{"href":"https:\/\/thesweetseria.com\/es\/wp-json\/wp\/v2\/product"}],"about":[{"href":"https:\/\/thesweetseria.com\/es\/wp-json\/wp\/v2\/types\/product"}],"replies":[{"embeddable":true,"href":"https:\/\/thesweetseria.com\/es\/wp-json\/wp\/v2\/comments?post=11774"}],"wp:featuredmedia":[{"embeddable":true,"href":"https:\/\/thesweetseria.com\/es\/wp-json\/wp\/v2\/media\/11775"}],"wp:attachment":[{"href":"https:\/\/thesweetseria.com\/es\/wp-json\/wp\/v2\/media?parent=11774"}],"wp:term":[{"taxonomy":"product_cat","embeddable":true,"href":"https:\/\/thesweetseria.com\/es\/wp-json\/wp\/v2\/product_cat?post=11774"},{"taxonomy":"product_tag","embeddable":true,"href":"https:\/\/thesweetseria.com\/es\/wp-json\/wp\/v2\/product_tag?post=11774"}],"curies":[{"name":"wp","href":"https:\/\/api.w.org\/{rel}","templated":true}]}}