{"id":11772,"date":"2025-01-28T15:56:12","date_gmt":"2025-01-28T15:56:12","guid":{"rendered":"https:\/\/thesweetseria.com\/?post_type=product&#038;p=11772"},"modified":"2026-04-24T12:57:03","modified_gmt":"2026-04-24T12:57:03","slug":"airheads-sour-watermelon-punch-15g","status":"publish","type":"product","link":"https:\/\/thesweetseria.com\/es\/producto\/airheads-sour-watermelon-punch-15g\/","title":{"rendered":"Airheads Sour Watermelon Punch 15g"},"content":{"rendered":"","protected":false},"excerpt":{"rendered":"<p>Airheads Sour Watermelon Punch ofrece una explosi\u00f3n de sabor a sand\u00eda \u00e1cida y dulce en un caramelo masticable con forma de caramelo. Esta golosina \u00e1cida es perfecta para los amantes de los caramelos que disfrutan de un golpe atrevido y afrutado en cada bocado. Ideal para picar, compartir o satisfacer antojos \u00e1cidos, es una golosina divertida y sabrosa para todas las edades.<\/p>","protected":false},"featured_media":11773,"comment_status":"open","ping_status":"closed","template":"","meta":{"nf_dc_page":"","inline_featured_image":false},"product_cat":[108],"product_tag":[],"class_list":{"0":"post-11772","1":"product","2":"type-product","3":"status-publish","4":"has-post-thumbnail","6":"product_cat-candies","8":"first","9":"instock","10":"taxable","11":"shipping-taxable","12":"purchasable","13":"product-type-simple"},"_links":{"self":[{"href":"https:\/\/thesweetseria.com\/es\/wp-json\/wp\/v2\/product\/11772","targetHints":{"allow":["GET"]}}],"collection":[{"href":"https:\/\/thesweetseria.com\/es\/wp-json\/wp\/v2\/product"}],"about":[{"href":"https:\/\/thesweetseria.com\/es\/wp-json\/wp\/v2\/types\/product"}],"replies":[{"embeddable":true,"href":"https:\/\/thesweetseria.com\/es\/wp-json\/wp\/v2\/comments?post=11772"}],"wp:featuredmedia":[{"embeddable":true,"href":"https:\/\/thesweetseria.com\/es\/wp-json\/wp\/v2\/media\/11773"}],"wp:attachment":[{"href":"https:\/\/thesweetseria.com\/es\/wp-json\/wp\/v2\/media?parent=11772"}],"wp:term":[{"taxonomy":"product_cat","embeddable":true,"href":"https:\/\/thesweetseria.com\/es\/wp-json\/wp\/v2\/product_cat?post=11772"},{"taxonomy":"product_tag","embeddable":true,"href":"https:\/\/thesweetseria.com\/es\/wp-json\/wp\/v2\/product_tag?post=11772"}],"curies":[{"name":"wp","href":"https:\/\/api.w.org\/{rel}","templated":true}]}}