{"id":11718,"date":"2025-01-13T13:33:04","date_gmt":"2025-01-13T13:33:04","guid":{"rendered":"https:\/\/thesweetseria.com\/?post_type=product&#038;p=11718"},"modified":"2025-10-06T20:55:00","modified_gmt":"2025-10-06T20:55:00","slug":"prime-peso-pluma-500ml","status":"publish","type":"product","link":"https:\/\/thesweetseria.com\/es\/producto\/prime-peso-pluma-500ml\/","title":{"rendered":"Prime Peso Pluma 500ml+"},"content":{"rendered":"","protected":false},"excerpt":{"rendered":"<p>Esta botella de edici\u00f3n limitada es para celebrar que el artista de Rap Mexicano Peso Pluma se une a la lista de Artistas PRIME! esta botella solo ser\u00e1 lanzada en M\u00e9xico y nunca ser\u00e1 lanzada de nuevo y EXCLUSIVA! \u00a1As\u00ed que cons\u00edguela mientras puedas!<\/p>","protected":false},"featured_media":11719,"comment_status":"open","ping_status":"closed","template":"","meta":{"nf_dc_page":"","inline_featured_image":false},"product_cat":[90],"product_tag":[],"class_list":{"0":"post-11718","1":"product","2":"type-product","3":"status-publish","4":"has-post-thumbnail","6":"product_cat-drinks","8":"first","9":"outofstock","10":"sale","11":"taxable","12":"shipping-taxable","13":"purchasable","14":"product-type-simple"},"_links":{"self":[{"href":"https:\/\/thesweetseria.com\/es\/wp-json\/wp\/v2\/product\/11718","targetHints":{"allow":["GET"]}}],"collection":[{"href":"https:\/\/thesweetseria.com\/es\/wp-json\/wp\/v2\/product"}],"about":[{"href":"https:\/\/thesweetseria.com\/es\/wp-json\/wp\/v2\/types\/product"}],"replies":[{"embeddable":true,"href":"https:\/\/thesweetseria.com\/es\/wp-json\/wp\/v2\/comments?post=11718"}],"wp:featuredmedia":[{"embeddable":true,"href":"https:\/\/thesweetseria.com\/es\/wp-json\/wp\/v2\/media\/11719"}],"wp:attachment":[{"href":"https:\/\/thesweetseria.com\/es\/wp-json\/wp\/v2\/media?parent=11718"}],"wp:term":[{"taxonomy":"product_cat","embeddable":true,"href":"https:\/\/thesweetseria.com\/es\/wp-json\/wp\/v2\/product_cat?post=11718"},{"taxonomy":"product_tag","embeddable":true,"href":"https:\/\/thesweetseria.com\/es\/wp-json\/wp\/v2\/product_tag?post=11718"}],"curies":[{"name":"wp","href":"https:\/\/api.w.org\/{rel}","templated":true}]}}