{"id":11712,"date":"2025-01-13T12:12:00","date_gmt":"2025-01-13T12:12:00","guid":{"rendered":"https:\/\/thesweetseria.com\/?post_type=product&#038;p=11712"},"modified":"2026-03-04T16:02:21","modified_gmt":"2026-03-04T16:02:21","slug":"japan-coca-cola-tin-can-300ml","status":"publish","type":"product","link":"https:\/\/thesweetseria.com\/es\/producto\/japan-coca-cola-tin-can-300ml\/","title":{"rendered":"Japan Coca Cola Tin Can 300ml"},"content":{"rendered":"","protected":false},"excerpt":{"rendered":"<p>Disfrute del tentador sabor de la Coca-Cola de Jap\u00f3n, ahora en una pr\u00e1ctica botella de aluminio de 300 ml. Perfecta para eventos, celebraciones o simplemente para disfrutarla en una tarde relajada.La botella de aluminio de 300 ml de Coca-Cola japonesa encierra la magia ic\u00f3nica de Coca-Cola en una botella resistente y ligera hecha para su comodidad. Cada botella se fabrica en Jap\u00f3n, proporcionando el aut\u00e9ntico sabor que adoran los fans de Coca-Cola.<\/p>","protected":false},"featured_media":11713,"comment_status":"open","ping_status":"closed","template":"","meta":{"nf_dc_page":"","inline_featured_image":false},"product_cat":[90],"product_tag":[],"class_list":{"0":"post-11712","1":"product","2":"type-product","3":"status-publish","4":"has-post-thumbnail","6":"product_cat-drinks","8":"first","9":"outofstock","10":"taxable","11":"shipping-taxable","12":"purchasable","13":"product-type-simple"},"_links":{"self":[{"href":"https:\/\/thesweetseria.com\/es\/wp-json\/wp\/v2\/product\/11712","targetHints":{"allow":["GET"]}}],"collection":[{"href":"https:\/\/thesweetseria.com\/es\/wp-json\/wp\/v2\/product"}],"about":[{"href":"https:\/\/thesweetseria.com\/es\/wp-json\/wp\/v2\/types\/product"}],"replies":[{"embeddable":true,"href":"https:\/\/thesweetseria.com\/es\/wp-json\/wp\/v2\/comments?post=11712"}],"wp:featuredmedia":[{"embeddable":true,"href":"https:\/\/thesweetseria.com\/es\/wp-json\/wp\/v2\/media\/11713"}],"wp:attachment":[{"href":"https:\/\/thesweetseria.com\/es\/wp-json\/wp\/v2\/media?parent=11712"}],"wp:term":[{"taxonomy":"product_cat","embeddable":true,"href":"https:\/\/thesweetseria.com\/es\/wp-json\/wp\/v2\/product_cat?post=11712"},{"taxonomy":"product_tag","embeddable":true,"href":"https:\/\/thesweetseria.com\/es\/wp-json\/wp\/v2\/product_tag?post=11712"}],"curies":[{"name":"wp","href":"https:\/\/api.w.org\/{rel}","templated":true}]}}