{"id":11710,"date":"2025-01-13T12:10:55","date_gmt":"2025-01-13T12:10:55","guid":{"rendered":"https:\/\/thesweetseria.com\/?post_type=product&#038;p=11710"},"modified":"2025-12-20T20:46:18","modified_gmt":"2025-12-20T20:46:18","slug":"japan-coca-cola-horeca-tin-can-250ml","status":"publish","type":"product","link":"https:\/\/thesweetseria.com\/es\/producto\/japan-coca-cola-horeca-tin-can-250ml\/","title":{"rendered":"Japan Coca Cola Horeca Tin Can 250ml"},"content":{"rendered":"","protected":false},"excerpt":{"rendered":"<p>Coca-Cola Japan Horeca Edition aporta un giro \u00fanico a la experiencia cl\u00e1sica de Coca-Cola, adaptada espec\u00edficamente al mercado japon\u00e9s. Esta edici\u00f3n exclusiva ofrece una f\u00f3rmula refinada que realza el sabor ic\u00f3nico de Coca-Cola con sutiles matices dise\u00f1ados para atraer las preferencias locales.<\/p>","protected":false},"featured_media":11711,"comment_status":"open","ping_status":"closed","template":"","meta":{"nf_dc_page":"","inline_featured_image":false},"product_cat":[90],"product_tag":[],"class_list":{"0":"post-11710","1":"product","2":"type-product","3":"status-publish","4":"has-post-thumbnail","6":"product_cat-drinks","8":"first","9":"instock","10":"taxable","11":"shipping-taxable","12":"purchasable","13":"product-type-simple"},"_links":{"self":[{"href":"https:\/\/thesweetseria.com\/es\/wp-json\/wp\/v2\/product\/11710","targetHints":{"allow":["GET"]}}],"collection":[{"href":"https:\/\/thesweetseria.com\/es\/wp-json\/wp\/v2\/product"}],"about":[{"href":"https:\/\/thesweetseria.com\/es\/wp-json\/wp\/v2\/types\/product"}],"replies":[{"embeddable":true,"href":"https:\/\/thesweetseria.com\/es\/wp-json\/wp\/v2\/comments?post=11710"}],"wp:featuredmedia":[{"embeddable":true,"href":"https:\/\/thesweetseria.com\/es\/wp-json\/wp\/v2\/media\/11711"}],"wp:attachment":[{"href":"https:\/\/thesweetseria.com\/es\/wp-json\/wp\/v2\/media?parent=11710"}],"wp:term":[{"taxonomy":"product_cat","embeddable":true,"href":"https:\/\/thesweetseria.com\/es\/wp-json\/wp\/v2\/product_cat?post=11710"},{"taxonomy":"product_tag","embeddable":true,"href":"https:\/\/thesweetseria.com\/es\/wp-json\/wp\/v2\/product_tag?post=11710"}],"curies":[{"name":"wp","href":"https:\/\/api.w.org\/{rel}","templated":true}]}}