{"id":11708,"date":"2025-01-13T12:09:13","date_gmt":"2025-01-13T12:09:13","guid":{"rendered":"https:\/\/thesweetseria.com\/?post_type=product&#038;p=11708"},"modified":"2025-12-20T20:46:18","modified_gmt":"2025-12-20T20:46:18","slug":"japan-coca-cola-can-160ml","status":"publish","type":"product","link":"https:\/\/thesweetseria.com\/es\/producto\/japan-coca-cola-can-160ml\/","title":{"rendered":"Japan Coca Cola Can 160ml"},"content":{"rendered":"","protected":false},"excerpt":{"rendered":"<p>La Coca Cola japonesa, con su sabor original por excelencia, ha sido conservada durante muchos a\u00f1os por la empresa de bebidas m\u00e1s famosa del mundo. La Coca Cola japonesa tiene una concentraci\u00f3n moderada de gas y un sabor m\u00e1s atrevido y delicioso que la Coca Cola que solemos disfrutar.<\/p>","protected":false},"featured_media":11709,"comment_status":"open","ping_status":"closed","template":"","meta":{"nf_dc_page":"","inline_featured_image":false},"product_cat":[90],"product_tag":[],"class_list":{"0":"post-11708","1":"product","2":"type-product","3":"status-publish","4":"has-post-thumbnail","6":"product_cat-drinks","8":"first","9":"instock","10":"taxable","11":"shipping-taxable","12":"purchasable","13":"product-type-simple"},"_links":{"self":[{"href":"https:\/\/thesweetseria.com\/es\/wp-json\/wp\/v2\/product\/11708","targetHints":{"allow":["GET"]}}],"collection":[{"href":"https:\/\/thesweetseria.com\/es\/wp-json\/wp\/v2\/product"}],"about":[{"href":"https:\/\/thesweetseria.com\/es\/wp-json\/wp\/v2\/types\/product"}],"replies":[{"embeddable":true,"href":"https:\/\/thesweetseria.com\/es\/wp-json\/wp\/v2\/comments?post=11708"}],"wp:featuredmedia":[{"embeddable":true,"href":"https:\/\/thesweetseria.com\/es\/wp-json\/wp\/v2\/media\/11709"}],"wp:attachment":[{"href":"https:\/\/thesweetseria.com\/es\/wp-json\/wp\/v2\/media?parent=11708"}],"wp:term":[{"taxonomy":"product_cat","embeddable":true,"href":"https:\/\/thesweetseria.com\/es\/wp-json\/wp\/v2\/product_cat?post=11708"},{"taxonomy":"product_tag","embeddable":true,"href":"https:\/\/thesweetseria.com\/es\/wp-json\/wp\/v2\/product_tag?post=11708"}],"curies":[{"name":"wp","href":"https:\/\/api.w.org\/{rel}","templated":true}]}}