{"id":11703,"date":"2025-01-08T20:24:34","date_gmt":"2025-01-08T20:24:34","guid":{"rendered":"https:\/\/thesweetseria.com\/?post_type=product&#038;p=11703"},"modified":"2025-12-16T11:42:47","modified_gmt":"2025-12-16T11:42:47","slug":"warheads-blizzard-blue-raspberry-cubes-85g","status":"publish","type":"product","link":"https:\/\/thesweetseria.com\/es\/producto\/warheads-blizzard-blue-raspberry-cubes-85g\/","title":{"rendered":"Warheads Blizzard Blue Raspberry Cubes 85g"},"content":{"rendered":"","protected":false},"excerpt":{"rendered":"<p>Olv\u00eddate de la tristeza invernal con esta edici\u00f3n limitada de cubos Warheads de frambuesa AZUL. Estos caramelos de goma ligeramente \u00e1cidos y tremendamente dulces se presentan en una caja de tama\u00f1o teatro ideal para rellenar, compartir o picar.<\/p>","protected":false},"featured_media":11704,"comment_status":"open","ping_status":"closed","template":"","meta":{"nf_dc_page":"","inline_featured_image":false},"product_cat":[108],"product_tag":[],"class_list":{"0":"post-11703","1":"product","2":"type-product","3":"status-publish","4":"has-post-thumbnail","6":"product_cat-candies","8":"first","9":"instock","10":"taxable","11":"shipping-taxable","12":"purchasable","13":"product-type-simple"},"_links":{"self":[{"href":"https:\/\/thesweetseria.com\/es\/wp-json\/wp\/v2\/product\/11703","targetHints":{"allow":["GET"]}}],"collection":[{"href":"https:\/\/thesweetseria.com\/es\/wp-json\/wp\/v2\/product"}],"about":[{"href":"https:\/\/thesweetseria.com\/es\/wp-json\/wp\/v2\/types\/product"}],"replies":[{"embeddable":true,"href":"https:\/\/thesweetseria.com\/es\/wp-json\/wp\/v2\/comments?post=11703"}],"wp:featuredmedia":[{"embeddable":true,"href":"https:\/\/thesweetseria.com\/es\/wp-json\/wp\/v2\/media\/11704"}],"wp:attachment":[{"href":"https:\/\/thesweetseria.com\/es\/wp-json\/wp\/v2\/media?parent=11703"}],"wp:term":[{"taxonomy":"product_cat","embeddable":true,"href":"https:\/\/thesweetseria.com\/es\/wp-json\/wp\/v2\/product_cat?post=11703"},{"taxonomy":"product_tag","embeddable":true,"href":"https:\/\/thesweetseria.com\/es\/wp-json\/wp\/v2\/product_tag?post=11703"}],"curies":[{"name":"wp","href":"https:\/\/api.w.org\/{rel}","templated":true}]}}