{"id":11701,"date":"2025-01-08T20:22:53","date_gmt":"2025-01-08T20:22:53","guid":{"rendered":"https:\/\/thesweetseria.com\/?post_type=product&#038;p=11701"},"modified":"2025-10-30T17:51:29","modified_gmt":"2025-10-30T17:51:29","slug":"vietnam-sprite-330ml","status":"publish","type":"product","link":"https:\/\/thesweetseria.com\/es\/producto\/vietnam-sprite-330ml\/","title":{"rendered":"Vietnam Sprite 330ml"},"content":{"rendered":"","protected":false},"excerpt":{"rendered":"<p>Vietnam Sprite Con agua cristalina y refrescante sabor a lim\u00f3n natural, no s\u00f3lo sacia la sed en los d\u00edas calurosos, sino que tambi\u00e9n proporciona abundante fuente de energ\u00eda a los consumidores. Sprite es una de las famosas marcas de refrescos inventadas por la empresa Coca Cola. Introducido en 1961, Sprite es el refresco con sabor a lima-lim\u00f3n l\u00edder en el mundo. Tiene un sabor fresco y limpio que quita la sed de verdad.<\/p>","protected":false},"featured_media":11702,"comment_status":"open","ping_status":"closed","template":"","meta":{"nf_dc_page":"","inline_featured_image":false},"product_cat":[90],"product_tag":[],"class_list":{"0":"post-11701","1":"product","2":"type-product","3":"status-publish","4":"has-post-thumbnail","6":"product_cat-drinks","8":"first","9":"instock","10":"taxable","11":"shipping-taxable","12":"purchasable","13":"product-type-simple"},"_links":{"self":[{"href":"https:\/\/thesweetseria.com\/es\/wp-json\/wp\/v2\/product\/11701","targetHints":{"allow":["GET"]}}],"collection":[{"href":"https:\/\/thesweetseria.com\/es\/wp-json\/wp\/v2\/product"}],"about":[{"href":"https:\/\/thesweetseria.com\/es\/wp-json\/wp\/v2\/types\/product"}],"replies":[{"embeddable":true,"href":"https:\/\/thesweetseria.com\/es\/wp-json\/wp\/v2\/comments?post=11701"}],"wp:featuredmedia":[{"embeddable":true,"href":"https:\/\/thesweetseria.com\/es\/wp-json\/wp\/v2\/media\/11702"}],"wp:attachment":[{"href":"https:\/\/thesweetseria.com\/es\/wp-json\/wp\/v2\/media?parent=11701"}],"wp:term":[{"taxonomy":"product_cat","embeddable":true,"href":"https:\/\/thesweetseria.com\/es\/wp-json\/wp\/v2\/product_cat?post=11701"},{"taxonomy":"product_tag","embeddable":true,"href":"https:\/\/thesweetseria.com\/es\/wp-json\/wp\/v2\/product_tag?post=11701"}],"curies":[{"name":"wp","href":"https:\/\/api.w.org\/{rel}","templated":true}]}}