{"id":11693,"date":"2025-01-08T20:08:42","date_gmt":"2025-01-08T20:08:42","guid":{"rendered":"https:\/\/thesweetseria.com\/?post_type=product&#038;p=11693"},"modified":"2026-01-21T13:26:29","modified_gmt":"2026-01-21T13:26:29","slug":"sprite-winter-spiced-cranberry-355ml","status":"publish","type":"product","link":"https:\/\/thesweetseria.com\/es\/producto\/sprite-winter-spiced-cranberry-355ml\/","title":{"rendered":"Sprite Winter Spiced Cranberry 355ml"},"content":{"rendered":"","protected":false},"excerpt":{"rendered":"<p>Este refresco de edici\u00f3n limitada combina el picante sabor del ar\u00e1ndano rojo con una mezcla de especias invernales, creando una bebida \u00fanica perfecta para estas fiestas.<\/p>","protected":false},"featured_media":11694,"comment_status":"open","ping_status":"closed","template":"","meta":{"nf_dc_page":"","inline_featured_image":false},"product_cat":[90],"product_tag":[],"class_list":{"0":"post-11693","1":"product","2":"type-product","3":"status-publish","4":"has-post-thumbnail","6":"product_cat-drinks","8":"first","9":"outofstock","10":"taxable","11":"shipping-taxable","12":"purchasable","13":"product-type-simple"},"_links":{"self":[{"href":"https:\/\/thesweetseria.com\/es\/wp-json\/wp\/v2\/product\/11693","targetHints":{"allow":["GET"]}}],"collection":[{"href":"https:\/\/thesweetseria.com\/es\/wp-json\/wp\/v2\/product"}],"about":[{"href":"https:\/\/thesweetseria.com\/es\/wp-json\/wp\/v2\/types\/product"}],"replies":[{"embeddable":true,"href":"https:\/\/thesweetseria.com\/es\/wp-json\/wp\/v2\/comments?post=11693"}],"wp:featuredmedia":[{"embeddable":true,"href":"https:\/\/thesweetseria.com\/es\/wp-json\/wp\/v2\/media\/11694"}],"wp:attachment":[{"href":"https:\/\/thesweetseria.com\/es\/wp-json\/wp\/v2\/media?parent=11693"}],"wp:term":[{"taxonomy":"product_cat","embeddable":true,"href":"https:\/\/thesweetseria.com\/es\/wp-json\/wp\/v2\/product_cat?post=11693"},{"taxonomy":"product_tag","embeddable":true,"href":"https:\/\/thesweetseria.com\/es\/wp-json\/wp\/v2\/product_tag?post=11693"}],"curies":[{"name":"wp","href":"https:\/\/api.w.org\/{rel}","templated":true}]}}