{"id":11683,"date":"2025-01-08T20:01:25","date_gmt":"2025-01-08T20:01:25","guid":{"rendered":"https:\/\/thesweetseria.com\/?post_type=product&#038;p=11683"},"modified":"2025-12-22T12:30:55","modified_gmt":"2025-12-22T12:30:55","slug":"prime-patrick-mahomes-500ml","status":"publish","type":"product","link":"https:\/\/thesweetseria.com\/es\/producto\/prime-patrick-mahomes-500ml\/","title":{"rendered":"Prime Patrick Mahomes 500ml"},"content":{"rendered":"","protected":false},"excerpt":{"rendered":"<p>\u00a1Esta colaboraci\u00f3n de edici\u00f3n limitada entre Prime y Patrick Mahomes est\u00e1 aqu\u00ed para llevar el sabor Meta Moon a nuevas alturas! Perfecta para atletas y aficionados, esta bebida hidratante captura la energ\u00eda din\u00e1mica y el esp\u00edritu de Mahomes tanto dentro como fuera del campo.<\/p>","protected":false},"featured_media":11684,"comment_status":"open","ping_status":"closed","template":"","meta":{"nf_dc_page":"","inline_featured_image":false},"product_cat":[90],"product_tag":[],"class_list":{"0":"post-11683","1":"product","2":"type-product","3":"status-publish","4":"has-post-thumbnail","6":"product_cat-drinks","8":"first","9":"instock","10":"sale","11":"taxable","12":"shipping-taxable","13":"purchasable","14":"product-type-simple"},"_links":{"self":[{"href":"https:\/\/thesweetseria.com\/es\/wp-json\/wp\/v2\/product\/11683","targetHints":{"allow":["GET"]}}],"collection":[{"href":"https:\/\/thesweetseria.com\/es\/wp-json\/wp\/v2\/product"}],"about":[{"href":"https:\/\/thesweetseria.com\/es\/wp-json\/wp\/v2\/types\/product"}],"replies":[{"embeddable":true,"href":"https:\/\/thesweetseria.com\/es\/wp-json\/wp\/v2\/comments?post=11683"}],"wp:featuredmedia":[{"embeddable":true,"href":"https:\/\/thesweetseria.com\/es\/wp-json\/wp\/v2\/media\/11684"}],"wp:attachment":[{"href":"https:\/\/thesweetseria.com\/es\/wp-json\/wp\/v2\/media?parent=11683"}],"wp:term":[{"taxonomy":"product_cat","embeddable":true,"href":"https:\/\/thesweetseria.com\/es\/wp-json\/wp\/v2\/product_cat?post=11683"},{"taxonomy":"product_tag","embeddable":true,"href":"https:\/\/thesweetseria.com\/es\/wp-json\/wp\/v2\/product_tag?post=11683"}],"curies":[{"name":"wp","href":"https:\/\/api.w.org\/{rel}","templated":true}]}}