{"id":11681,"date":"2025-01-08T20:00:17","date_gmt":"2025-01-08T20:00:17","guid":{"rendered":"https:\/\/thesweetseria.com\/?post_type=product&#038;p=11681"},"modified":"2026-02-05T11:40:37","modified_gmt":"2026-02-05T11:40:37","slug":"prime-lakers-500ml","status":"publish","type":"product","link":"https:\/\/thesweetseria.com\/es\/producto\/prime-lakers-500ml\/","title":{"rendered":"Prime Lakers 500ml"},"content":{"rendered":"","protected":false},"excerpt":{"rendered":"<p>Prime Hydration LA Lakers 500ml es una bebida deportiva premium dise\u00f1ada para atletas y aficionados por igual, que ofrece una hidrataci\u00f3n y reposici\u00f3n \u00f3ptimas. Esta bebida de edici\u00f3n limitada cuenta con una refrescante mezcla de electrolitos y vitaminas, con un sabor a limonada adaptado para apoyar el m\u00e1ximo rendimiento durante actividades intensas.<\/p>","protected":false},"featured_media":11682,"comment_status":"open","ping_status":"closed","template":"","meta":{"nf_dc_page":"","inline_featured_image":false},"product_cat":[90],"product_tag":[],"class_list":{"0":"post-11681","1":"product","2":"type-product","3":"status-publish","4":"has-post-thumbnail","6":"product_cat-drinks","8":"first","9":"outofstock","10":"sale","11":"taxable","12":"shipping-taxable","13":"purchasable","14":"product-type-simple"},"_links":{"self":[{"href":"https:\/\/thesweetseria.com\/es\/wp-json\/wp\/v2\/product\/11681","targetHints":{"allow":["GET"]}}],"collection":[{"href":"https:\/\/thesweetseria.com\/es\/wp-json\/wp\/v2\/product"}],"about":[{"href":"https:\/\/thesweetseria.com\/es\/wp-json\/wp\/v2\/types\/product"}],"replies":[{"embeddable":true,"href":"https:\/\/thesweetseria.com\/es\/wp-json\/wp\/v2\/comments?post=11681"}],"wp:featuredmedia":[{"embeddable":true,"href":"https:\/\/thesweetseria.com\/es\/wp-json\/wp\/v2\/media\/11682"}],"wp:attachment":[{"href":"https:\/\/thesweetseria.com\/es\/wp-json\/wp\/v2\/media?parent=11681"}],"wp:term":[{"taxonomy":"product_cat","embeddable":true,"href":"https:\/\/thesweetseria.com\/es\/wp-json\/wp\/v2\/product_cat?post=11681"},{"taxonomy":"product_tag","embeddable":true,"href":"https:\/\/thesweetseria.com\/es\/wp-json\/wp\/v2\/product_tag?post=11681"}],"curies":[{"name":"wp","href":"https:\/\/api.w.org\/{rel}","templated":true}]}}